{"id":1150,"date":"2022-03-23T10:59:46","date_gmt":"2022-03-23T09:59:46","guid":{"rendered":"https:\/\/agora.esag.swiss\/lernaktivitaeten\/"},"modified":"2022-03-23T14:35:19","modified_gmt":"2022-03-23T13:35:19","slug":"lernaktivitaeten","status":"publish","type":"page","link":"https:\/\/agora.esag.swiss\/de\/lernaktivitaeten\/","title":{"rendered":"Lernaktivit\u00e4ten"},"content":{"rendered":"\n<p>Die Schweizer Schule f\u00fcr Arch\u00e4ologie in Griechenland (ESAG) hat mit Unterst\u00fctzung des Schweizerischen Nationalfonds zur F\u00f6rderung der wissenschaftlichen Forschung (SNF) diese Vermittlungsplattform entwickelt, um die Integration der griechischen Antike in den Unterricht des Schweizer Lehrplans zu f\u00f6rdern, indem sie Lehrmittel und Arbeitsunterlagen anbietet, die den aktuellen Stand der Forschung widerspiegeln und das Studium mit historischem Material in den Fokus r\u00fccken.<\/p>\n\n<p>Die angebotenen Aktivit\u00e4ten sollen das Interesse der Sch\u00fcler*innen an den verschiedenen Berufen in der Arch\u00e4ologie wecken und die angebotenen Workshops den Teamgeist der Klasse f\u00f6rdern. Sie sind so konzipiert, dass sie in den Lehrplan f\u00fcr die Sekundarstufe I (Geschichte, Latein oder Altgriechisch als Wahlpflichtfach) integriert werden k\u00f6nnen.<\/p>\n\n<h2 class=\"wp-block-heading\" id=\"activites\">Aktivit\u00e4ten<\/h2>\n\n<p>Eine Auswahl an verschiedenen Workshops, die jeweils ca. 1.5 Stunden dauern, stehen bereit. Unsere Materialien und Aktivit\u00e4ten sind gut transportierbar und so k\u00f6nnen die Workshops im Klassenzimmer oder ausserhalb der Schule im Museum stattfinden.<\/p>\n\n<p>Z\u00f6gert nicht, euch \u00fcber die Registerkarte Teilnahme zu melden, um uns eure Bed\u00fcrfnisse und Fragen mitzuteilen oder um euch anzumelden!<\/p>\n","protected":false},"excerpt":{"rendered":"<p>Die Schweizer Schule f\u00fcr Arch\u00e4ologie in Griechenland (ESAG) hat mit Unterst\u00fctzung des Schweizerischen Nationalfonds zur F\u00f6rderung der wissenschaftlichen Forschung (SNF) diese Vermittlungsplattform entwickelt, um die Integration der griechischen Antike in den Unterricht des Schweizer Lehrplans zu f\u00f6rdern, indem sie Lehrmittel und Arbeitsunterlagen anbietet, die den aktuellen Stand der Forschung widerspiegeln und das Studium mit historischem [&hellip;]<\/p>\n","protected":false},"author":1,"featured_media":838,"parent":0,"menu_order":14,"comment_status":"closed","ping_status":"closed","template":"","meta":{"_acf_changed":false,"footnotes":""},"class_list":["post-1150","page","type-page","status-publish","has-post-thumbnail","hentry"],"acf":[],"_links":{"self":[{"href":"https:\/\/agora.esag.swiss\/de\/wp-json\/wp\/v2\/pages\/1150","targetHints":{"allow":["GET"]}}],"collection":[{"href":"https:\/\/agora.esag.swiss\/de\/wp-json\/wp\/v2\/pages"}],"about":[{"href":"https:\/\/agora.esag.swiss\/de\/wp-json\/wp\/v2\/types\/page"}],"author":[{"embeddable":true,"href":"https:\/\/agora.esag.swiss\/de\/wp-json\/wp\/v2\/users\/1"}],"replies":[{"embeddable":true,"href":"https:\/\/agora.esag.swiss\/de\/wp-json\/wp\/v2\/comments?post=1150"}],"version-history":[{"count":8,"href":"https:\/\/agora.esag.swiss\/de\/wp-json\/wp\/v2\/pages\/1150\/revisions"}],"predecessor-version":[{"id":1248,"href":"https:\/\/agora.esag.swiss\/de\/wp-json\/wp\/v2\/pages\/1150\/revisions\/1248"}],"wp:featuredmedia":[{"embeddable":true,"href":"https:\/\/agora.esag.swiss\/de\/wp-json\/wp\/v2\/media\/838"}],"wp:attachment":[{"href":"https:\/\/agora.esag.swiss\/de\/wp-json\/wp\/v2\/media?parent=1150"}],"curies":[{"name":"wp","href":"https:\/\/api.w.org\/{rel}","templated":true}]}}