{"id":1154,"date":"2022-03-23T12:53:31","date_gmt":"2022-03-23T11:53:31","guid":{"rendered":"https:\/\/agora.esag.swiss\/lernaktivitaeten\/nachforschungen-auf-der-insel-euboea\/"},"modified":"2022-03-23T14:32:07","modified_gmt":"2022-03-23T13:32:07","slug":"nachforschungen-auf-der-insel-euboea","status":"publish","type":"page","link":"https:\/\/agora.esag.swiss\/de\/lernaktivitaeten\/nachforschungen-auf-der-insel-euboea\/","title":{"rendered":"Nachforschungen auf der Insel Eub\u00f6a"},"content":{"rendered":"\n<h2 class=\"wp-block-heading\">\u00dcberblick zur Aktivit\u00e4t<\/h2>\n\n<p>Um den Ort ihrer Ausgrabungen zu bestimmen, beginnen Arch\u00e4ologen ihre Arbeit mit einer Dokumentationsphase. Sie suchen und sammeln Informationen um Hinweise zu finden, die auf die Lage fr\u00fcherer Siedlungen hindeuten k\u00f6nnten. Um die Chancen zu erh\u00f6hen \u00dcberreste zu finden, f\u00fchren Arch\u00e4ologen regelm\u00e4\u00dfig Feldforschungen durch. In dieser Phase geht es darum, Spuren menschlicher Aktivit\u00e4ten auf der Erdoberfl\u00e4che zu finden. &#13;\nDas Spiel, das auf dem Prinzip einer Untersuchung basiert, deren Verlauf man zur\u00fcckverfolgen muss, erfordert kollaborative F\u00e4higkeiten (Arbeit in Untergruppen). Anhand von f\u00fcnf R\u00e4tseln, die es zu l\u00f6sen gilt, machen sich die Sch\u00fcler*innen mit einigen der dokumentarischen Methoden des Arch\u00e4ologen vertraut: der Prospektion, dem Studium antiker Quellen oder der Entzifferung von Inschriften.<\/p>\n\n<h2 class=\"wp-block-heading\">Zusammenfassung<\/h2>\n\n<p>Die Sch\u00fcler*innen, in Zweier- oder Dreierteams aufgeteilt, m\u00fcssen eine Reihe von R\u00e4tseln l\u00f6sen, um die drei Fragen &#8222;Wo? Was? und Wer?&#8220; zu beantworten. Damit k\u00f6nnen sie die Lage der von den Arch\u00e4ologen ausgegrabenen St\u00e4tte herausfinden, die Art der Funde bestimmen und schliesslich die Identit\u00e4t der G\u00f6tter enth\u00fcllen, die dort verehrt worden sind. <\/p>\n\n<h2 class=\"wp-block-heading\">Voraussetzungen<\/h2>\n\n<p>Keine. Kann als Einf\u00fchrung dienen.<\/p>\n\n<h2 class=\"wp-block-heading\">Ziele<\/h2>\n\n<p>Kennenlernen der Methoden der Literaturrecherche und der arch\u00e4ologischen Prospektion. F\u00f6rderung der Teamarbeit.<\/p>\n\n<p>Es gibt auch einen Online-Quiz um das Gelernte zu testen: \u00ab<a href=\"https:\/\/agora.esag.swiss\/activites-pedagogiques\/vrai-ou-faux-enquete-sur-lile-deubee\/\" target=\"_blank\" rel=\"noreferrer noopener\">Vrai ou Faux: Enqu\u00eate sur l\u2019\u00eele d\u2019Eub\u00e9e<\/a>\u00bb.<\/p>\n\n<h2 class=\"wp-block-heading\">Ideen zur Individualisierung<\/h2>\n\n<p>Der Workshop kann als Wettbewerb durchgef\u00fchrt werden. Es sind zudem verschiedene Schwierigkeitsgrade m\u00f6glich und enthalt Vorschl\u00e4ge f\u00fcr den Griechischunterricht.<\/p>\n","protected":false},"excerpt":{"rendered":"<p>\u00dcberblick zur Aktivit\u00e4t Um den Ort ihrer Ausgrabungen zu bestimmen, beginnen Arch\u00e4ologen ihre Arbeit mit einer Dokumentationsphase. Sie suchen und sammeln Informationen um Hinweise zu finden, die auf die Lage fr\u00fcherer Siedlungen hindeuten k\u00f6nnten. Um die Chancen zu erh\u00f6hen \u00dcberreste zu finden, f\u00fchren Arch\u00e4ologen regelm\u00e4\u00dfig Feldforschungen durch. In dieser Phase geht es darum, Spuren menschlicher [&hellip;]<\/p>\n","protected":false},"author":1,"featured_media":839,"parent":1150,"menu_order":19,"comment_status":"closed","ping_status":"closed","template":"template-activity.php","meta":{"_acf_changed":false,"footnotes":""},"class_list":["post-1154","page","type-page","status-publish","has-post-thumbnail","hentry"],"acf":[],"_links":{"self":[{"href":"https:\/\/agora.esag.swiss\/de\/wp-json\/wp\/v2\/pages\/1154","targetHints":{"allow":["GET"]}}],"collection":[{"href":"https:\/\/agora.esag.swiss\/de\/wp-json\/wp\/v2\/pages"}],"about":[{"href":"https:\/\/agora.esag.swiss\/de\/wp-json\/wp\/v2\/types\/page"}],"author":[{"embeddable":true,"href":"https:\/\/agora.esag.swiss\/de\/wp-json\/wp\/v2\/users\/1"}],"replies":[{"embeddable":true,"href":"https:\/\/agora.esag.swiss\/de\/wp-json\/wp\/v2\/comments?post=1154"}],"version-history":[{"count":5,"href":"https:\/\/agora.esag.swiss\/de\/wp-json\/wp\/v2\/pages\/1154\/revisions"}],"predecessor-version":[{"id":1169,"href":"https:\/\/agora.esag.swiss\/de\/wp-json\/wp\/v2\/pages\/1154\/revisions\/1169"}],"up":[{"embeddable":true,"href":"https:\/\/agora.esag.swiss\/de\/wp-json\/wp\/v2\/pages\/1150"}],"wp:featuredmedia":[{"embeddable":true,"href":"https:\/\/agora.esag.swiss\/de\/wp-json\/wp\/v2\/media\/839"}],"wp:attachment":[{"href":"https:\/\/agora.esag.swiss\/de\/wp-json\/wp\/v2\/media?parent=1154"}],"curies":[{"name":"wp","href":"https:\/\/api.w.org\/{rel}","templated":true}]}}