{"id":1158,"date":"2022-03-23T13:47:35","date_gmt":"2022-03-23T12:47:35","guid":{"rendered":"https:\/\/agora.esag.swiss\/lernaktivitaeten\/das-artemisia-fest\/"},"modified":"2022-03-23T14:32:38","modified_gmt":"2022-03-23T13:32:38","slug":"das-artemisia-fest","status":"publish","type":"page","link":"https:\/\/agora.esag.swiss\/de\/lernaktivitaeten\/das-artemisia-fest\/","title":{"rendered":"Das Artemisia Fest"},"content":{"rendered":"\n<h2 class=\"wp-block-heading\"><strong>Studium eines altgriechischen Textes<\/strong><\/h2>\n\n<h3 class=\"wp-block-heading\"><\/h3>\n\n<p>Die Aktivit\u00e4t richtet sich an Klassen der h\u00f6heren Niveaustufen oder an fortgeschrittene Graecums Sch\u00fcler*innen.<\/p>\n\n<p>Sie kann in einen Geschichts- oder Griechischkurs integriert werden.<\/p>\n\n<p>Die verschiedenen zur Verf\u00fcgung gestellten Dokumente schlagen vor sich mit dem Text einer antiken Stele, dem &#8222;Artemisia-Gesetz&#8220; zu befassen. Dieses 45 Zeilen lange Reglement wurde um 340-330 v. Chr. von der Stadt Eretria verfasst, um den Ablauf des j\u00e4hrlichen Festes zu Ehren der G\u00f6ttin Artemis festzulegen.<\/p>\n\n<p>Die Stele war einst im Heiligtum der Artemis Amarysia in Amarynthos aufgestellt. Die \u00f6ffentliche Aufstellung solcher Stelen erm\u00f6glichte es der gesamten Bev\u00f6lkerung, sich \u00fcber die Regeln des Musikwettbewerbs zu Ehren der G\u00f6ttin und die verschiedenen Opfer zu informieren, die w\u00e4hrend der Feierlichkeiten dargebracht wurden. Diese wichtige Inschrift bietet die Gelegenheit, die Funktionsweise einer griechischen Stadt, die Organisation antiker Feste, den praktischen Ablauf von Ritualen und die Verbindung zwischen Demokratie und Religion zu untersuchen.<\/p>\n\n<h2 class=\"wp-block-heading\"><strong>Gef\u00f6rderte F\u00e4higkeiten<\/strong><\/h2>\n\n<ul class=\"wp-block-list\"><li>Betrachtung und Interpretation<\/li><li>Leseverst\u00e4ndnis und Wortschatz<\/li><li>Textanalyse<\/li><li>Allgemeinwissen \u00fcber die Antike vertiefen<\/li><\/ul>\n","protected":false},"excerpt":{"rendered":"<p>Studium eines altgriechischen Textes Die Aktivit\u00e4t richtet sich an Klassen der h\u00f6heren Niveaustufen oder an fortgeschrittene Graecums Sch\u00fcler*innen. Sie kann in einen Geschichts- oder Griechischkurs integriert werden. Die verschiedenen zur Verf\u00fcgung gestellten Dokumente schlagen vor sich mit dem Text einer antiken Stele, dem &#8222;Artemisia-Gesetz&#8220; zu befassen. Dieses 45 Zeilen lange Reglement wurde um 340-330 v. [&hellip;]<\/p>\n","protected":false},"author":1,"featured_media":843,"parent":1150,"menu_order":23,"comment_status":"closed","ping_status":"closed","template":"template-activity.php","meta":{"_acf_changed":false,"footnotes":""},"class_list":["post-1158","page","type-page","status-publish","has-post-thumbnail","hentry"],"acf":[],"_links":{"self":[{"href":"https:\/\/agora.esag.swiss\/de\/wp-json\/wp\/v2\/pages\/1158","targetHints":{"allow":["GET"]}}],"collection":[{"href":"https:\/\/agora.esag.swiss\/de\/wp-json\/wp\/v2\/pages"}],"about":[{"href":"https:\/\/agora.esag.swiss\/de\/wp-json\/wp\/v2\/types\/page"}],"author":[{"embeddable":true,"href":"https:\/\/agora.esag.swiss\/de\/wp-json\/wp\/v2\/users\/1"}],"replies":[{"embeddable":true,"href":"https:\/\/agora.esag.swiss\/de\/wp-json\/wp\/v2\/comments?post=1158"}],"version-history":[{"count":5,"href":"https:\/\/agora.esag.swiss\/de\/wp-json\/wp\/v2\/pages\/1158\/revisions"}],"predecessor-version":[{"id":1171,"href":"https:\/\/agora.esag.swiss\/de\/wp-json\/wp\/v2\/pages\/1158\/revisions\/1171"}],"up":[{"embeddable":true,"href":"https:\/\/agora.esag.swiss\/de\/wp-json\/wp\/v2\/pages\/1150"}],"wp:featuredmedia":[{"embeddable":true,"href":"https:\/\/agora.esag.swiss\/de\/wp-json\/wp\/v2\/media\/843"}],"wp:attachment":[{"href":"https:\/\/agora.esag.swiss\/de\/wp-json\/wp\/v2\/media?parent=1158"}],"curies":[{"name":"wp","href":"https:\/\/api.w.org\/{rel}","templated":true}]}}