{"id":1174,"date":"2022-03-23T18:10:39","date_gmt":"2022-03-23T17:10:39","guid":{"rendered":"https:\/\/agora.esag.swiss\/lernaktivitaeten\/amarynthos-3d\/"},"modified":"2022-03-23T18:10:58","modified_gmt":"2022-03-23T17:10:58","slug":"amarynthos-3d","status":"publish","type":"page","link":"https:\/\/agora.esag.swiss\/de\/lernaktivitaeten\/amarynthos-3d\/","title":{"rendered":"Amarynthos 3D"},"content":{"rendered":"\n<h2 class=\"wp-block-heading\">\u00dcberblick zur Aktivit\u00e4t<\/h2>\n\n<p>Arch\u00e4ologen haben im Heiligtum der Artemis in Amarynthos mehrere Geb\u00e4ude und Monumente ausgegraben, z. B. S\u00e4uleng\u00e4nge, einen Tempel, &#8222;Schatzkammern&#8220; oder einen heiligen Brunnen. Diese \u00dcberreste sind leider sehr schlecht erhalten, da die W\u00e4nde, D\u00e4cher und Dekorationselemente fast alle verschwunden sind. Heute sind nur noch die Fundamente sowie Hunderte von architektonischen Fragmenten erhalten. Wie kann man die Form dieser zerst\u00f6rten Geb\u00e4ude rekonstruieren? Die Arch\u00e4ologen arbeiten mit Spezialisten f\u00fcr antike Architektur zusammen, um das riesige Puzzle dreidimensional zu rekonstruieren.<\/p>\n\n<p>Ein spannendes Beispiel ist das monumentale Ostportal von Amarynthos, von dem die Arch\u00e4ologen eine wissenschaftliche Rekonstruktion vorschlagen, die das Resultat einer spannenden Masterarbeit an der Z\u00fcrcher Hochschule der K\u00fcnste von Oliver Bruderer ist und von der man hier jeden Arbeitsschritt verfolgen kann.<\/p>\n\n<p class=\"has-text-align-center has-background\" style=\"background-color:#def2ca\"><a href=\"https:\/\/xd.adobe.com\/view\/4e2c60b2-69a9-4b6b-a5e8-d1f0df1b693b-1b7f\/?fullscreen\" target=\"_blank\" rel=\"noreferrer noopener\"><strong>Startet die interaktive Website<\/strong><\/a><\/p>\n\n<h2 class=\"wp-block-heading\"><strong>Zusammenfassung<\/strong><\/h2>\n\n<p>Die Sch\u00fcler*innen k\u00f6nnen auf einer interaktiven Webseite jeden Schritt der wissenschaftlichen Rekonstruktion eines grossen antiken Geb\u00e4udes verfolgen. Anhand von Bildern und Texten werden sie in die Grundlagen der griechischen Architektur eingef\u00fchrt.<\/p>\n\n<h2 class=\"wp-block-heading\"><strong>Voraussetzungen<\/strong><\/h2>\n\n<p>Keine. Die Aktivit\u00e4t kann als eine Einf\u00fchrung in die antike Architektur dienen. Die interaktive Seite kann von einem Computer oder einem Tablet betrachtet werden.<\/p>\n\n<h2 class=\"wp-block-heading\"><strong>Ziele<\/strong><\/h2>\n\n<p>Die antike Architektur entdecken und die wissenschaftliche Methoden kennenlernen, die den Rekonstruktionen zugrunde liegen.<\/p>\n\n<p>Es gibt auch ein Online-Quiz um das Gelernte zu testen: &#8222;Richtig oder Falsch: Amarynthos 3D&#8220;.<\/p>\n","protected":false},"excerpt":{"rendered":"<p>\u00dcberblick zur Aktivit\u00e4t Arch\u00e4ologen haben im Heiligtum der Artemis in Amarynthos mehrere Geb\u00e4ude und Monumente ausgegraben, z. B. S\u00e4uleng\u00e4nge, einen Tempel, &#8222;Schatzkammern&#8220; oder einen heiligen Brunnen. Diese \u00dcberreste sind leider sehr schlecht erhalten, da die W\u00e4nde, D\u00e4cher und Dekorationselemente fast alle verschwunden sind. Heute sind nur noch die Fundamente sowie Hunderte von architektonischen Fragmenten erhalten. [&hellip;]<\/p>\n","protected":false},"author":5,"featured_media":918,"parent":1150,"menu_order":44,"comment_status":"closed","ping_status":"closed","template":"template-activity.php","meta":{"_acf_changed":false,"footnotes":""},"class_list":["post-1174","page","type-page","status-publish","has-post-thumbnail","hentry"],"acf":[],"_links":{"self":[{"href":"https:\/\/agora.esag.swiss\/de\/wp-json\/wp\/v2\/pages\/1174","targetHints":{"allow":["GET"]}}],"collection":[{"href":"https:\/\/agora.esag.swiss\/de\/wp-json\/wp\/v2\/pages"}],"about":[{"href":"https:\/\/agora.esag.swiss\/de\/wp-json\/wp\/v2\/types\/page"}],"author":[{"embeddable":true,"href":"https:\/\/agora.esag.swiss\/de\/wp-json\/wp\/v2\/users\/5"}],"replies":[{"embeddable":true,"href":"https:\/\/agora.esag.swiss\/de\/wp-json\/wp\/v2\/comments?post=1174"}],"version-history":[{"count":3,"href":"https:\/\/agora.esag.swiss\/de\/wp-json\/wp\/v2\/pages\/1174\/revisions"}],"predecessor-version":[{"id":1177,"href":"https:\/\/agora.esag.swiss\/de\/wp-json\/wp\/v2\/pages\/1174\/revisions\/1177"}],"up":[{"embeddable":true,"href":"https:\/\/agora.esag.swiss\/de\/wp-json\/wp\/v2\/pages\/1150"}],"wp:featuredmedia":[{"embeddable":true,"href":"https:\/\/agora.esag.swiss\/de\/wp-json\/wp\/v2\/media\/918"}],"wp:attachment":[{"href":"https:\/\/agora.esag.swiss\/de\/wp-json\/wp\/v2\/media?parent=1174"}],"curies":[{"name":"wp","href":"https:\/\/api.w.org\/{rel}","templated":true}]}}