{"id":1178,"date":"2022-03-23T18:31:56","date_gmt":"2022-03-23T17:31:56","guid":{"rendered":"https:\/\/agora.esag.swiss\/lernaktivitaeten\/das-archiv-im-boden\/"},"modified":"2022-03-23T18:31:56","modified_gmt":"2022-03-23T17:31:56","slug":"das-archiv-im-boden","status":"publish","type":"page","link":"https:\/\/agora.esag.swiss\/de\/lernaktivitaeten\/das-archiv-im-boden\/","title":{"rendered":"Das Archiv im Boden"},"content":{"rendered":"\n<p><\/p>\n\n<p>Eine antike St\u00e4tte zu erforschen bedeutet mehr als nur arch\u00e4ologische \u00dcberreste freizulegen. Warum haben sich die Menschen an diesem Ort niedergelassen? Wie sah die damalige Umwelt aus? Diese Fragen, die auch f\u00fcr die Geo- und Biowissenschaften von Interesse sind, werden nicht nur von Arch\u00e4ologen beantwortet. Der Schl\u00fcssel dazu liegt unter unseren F\u00fcssen: im Archiv des Bodens.<\/p>\n\n<p>Die erste \u00dcberraschung war, dass die Landschaft in der das Heiligtum entstand, nicht mit der heutigen Landschaft vergleichbar war: Vor 10.000 Jahren lag sie in einem Tal, wurde dann um 4000 v. Chr. vom Meer bedeckt und verwandelte sich allm\u00e4hlich in Lagunen und S\u00fcmpfe.<\/p>\n\n<p>Wir laden euch ein, mit uns ins Archiv des Bodens hinabzusteigen, mehr als 7 Meter unter die Erde, um die antiken Landschaften zu entdecken.<\/p>\n\n<p class=\"has-text-align-center has-background\" style=\"background-color:#def2ca\"><a href=\"https:\/\/xd.adobe.com\/view\/84bdd112-838f-497e-97ca-4041bcf93686-d1ee\/?fullscreen\" target=\"_blank\" rel=\"noreferrer noopener\"><strong>Lancez le site web interactif<\/strong><\/a><\/p>\r\n\n<p><strong>Zusammenfassung<\/strong><\/p>\n\n<p>Die Sch\u00fcler k\u00f6nnen auf einer interaktiven Website jede Etappe der wissenschaftlichen Rekonstruktion antiker Landschaften verfolgen. Anhand von Bildern und Texten werden sie in die Untersuchung von Sedimenten, Pollen oder auch Muscheln eingef\u00fchrt, um die Archive des Bodens zu entschl\u00fcsseln.<\/p>\n\n<p><strong>Voraussetzungen<\/strong><\/p>\n\n<p>Keine. Die Aktivit\u00e4t kann als eine Einf\u00fchrung in die antike Architektur dienen. Die interaktive Seite kann von einem Computer oder einem Tablet betrachtet werden.<\/p>\n\n<p><strong>Ziele<\/strong><\/p>\n\n<p>Entdecken, wie die Geowissenschaften ein besseres Verst\u00e4ndnis der Umwelt erm\u00f6glichen, in der die antiken V\u00f6lker gelebt haben.<\/p>\n\n<p>Das Online-Quiz &#8222;<a href=\"https:\/\/agora.esag.swiss\/activites-pedagogiques\/vrai-ou-faux-les-archives-du-sol\/\" target=\"_blank\" rel=\"noreferrer noopener\">Richtig oder Falsch: Das Archiv im Boden<\/a>&#8220; ist eine weitere M\u00f6glichkeit, das Gelernte zu testen.<\/p>\n","protected":false},"excerpt":{"rendered":"<p>Eine antike St\u00e4tte zu erforschen bedeutet mehr als nur arch\u00e4ologische \u00dcberreste freizulegen. Warum haben sich die Menschen an diesem Ort niedergelassen? Wie sah die damalige Umwelt aus? Diese Fragen, die auch f\u00fcr die Geo- und Biowissenschaften von Interesse sind, werden nicht nur von Arch\u00e4ologen beantwortet. Der Schl\u00fcssel dazu liegt unter unseren F\u00fcssen: im Archiv des [&hellip;]<\/p>\n","protected":false},"author":5,"featured_media":925,"parent":1150,"menu_order":78,"comment_status":"closed","ping_status":"closed","template":"template-activity.php","meta":{"_acf_changed":false,"footnotes":""},"class_list":["post-1178","page","type-page","status-publish","has-post-thumbnail","hentry"],"acf":[],"_links":{"self":[{"href":"https:\/\/agora.esag.swiss\/de\/wp-json\/wp\/v2\/pages\/1178","targetHints":{"allow":["GET"]}}],"collection":[{"href":"https:\/\/agora.esag.swiss\/de\/wp-json\/wp\/v2\/pages"}],"about":[{"href":"https:\/\/agora.esag.swiss\/de\/wp-json\/wp\/v2\/types\/page"}],"author":[{"embeddable":true,"href":"https:\/\/agora.esag.swiss\/de\/wp-json\/wp\/v2\/users\/5"}],"replies":[{"embeddable":true,"href":"https:\/\/agora.esag.swiss\/de\/wp-json\/wp\/v2\/comments?post=1178"}],"version-history":[{"count":1,"href":"https:\/\/agora.esag.swiss\/de\/wp-json\/wp\/v2\/pages\/1178\/revisions"}],"predecessor-version":[{"id":1179,"href":"https:\/\/agora.esag.swiss\/de\/wp-json\/wp\/v2\/pages\/1178\/revisions\/1179"}],"up":[{"embeddable":true,"href":"https:\/\/agora.esag.swiss\/de\/wp-json\/wp\/v2\/pages\/1150"}],"wp:featuredmedia":[{"embeddable":true,"href":"https:\/\/agora.esag.swiss\/de\/wp-json\/wp\/v2\/media\/925"}],"wp:attachment":[{"href":"https:\/\/agora.esag.swiss\/de\/wp-json\/wp\/v2\/media?parent=1178"}],"curies":[{"name":"wp","href":"https:\/\/api.w.org\/{rel}","templated":true}]}}