{"id":1182,"date":"2022-03-23T18:39:04","date_gmt":"2022-03-23T17:39:04","guid":{"rendered":"https:\/\/agora.esag.swiss\/mitmachen\/"},"modified":"2022-04-14T12:29:39","modified_gmt":"2022-04-14T10:29:39","slug":"mitmachen","status":"publish","type":"page","link":"https:\/\/agora.esag.swiss\/de\/mitmachen\/","title":{"rendered":"Mitmachen!"},"content":{"rendered":"\n<p>Ihr seid daran interessiert, am Projekt und seinen verschiedenen Aktivit\u00e4ten teilzunehmen? Alle Online-Ressourcen werden euch frei zur Verf\u00fcgung gestellt. Zu Informationszwecken w\u00fcrden wir uns sehr freuen, wenn ihr euch \u00fcber das\u00a0<a href=\"https:\/\/agora.esag.swiss\/mitmachen\/kontaktformular\/?lang=de\">Teilnahmeformular<\/a>\u00a0mit uns in Verbindung setzt und uns mitteilt, welche Ressourcen ihr verwendet habt. Euer Feedback zu den Aktivit\u00e4ten, die ihr mit euren Sch\u00fclerInnen im Unterricht durchgef\u00fchrt habt, ist sehr wertvoll und hilft uns, unser Angebot zu verbessern.<\/p>\n","protected":false},"excerpt":{"rendered":"<p>Ihr seid daran interessiert, am Projekt und seinen verschiedenen Aktivit\u00e4ten teilzunehmen? Alle Online-Ressourcen werden euch frei zur Verf\u00fcgung gestellt. Zu Informationszwecken w\u00fcrden wir uns sehr freuen, wenn ihr euch \u00fcber das\u00a0Teilnahmeformular\u00a0mit uns in Verbindung setzt und uns mitteilt, welche Ressourcen ihr verwendet habt. Euer Feedback zu den Aktivit\u00e4ten, die ihr mit euren Sch\u00fclerInnen im Unterricht [&hellip;]<\/p>\n","protected":false},"author":1,"featured_media":0,"parent":0,"menu_order":27,"comment_status":"closed","ping_status":"closed","template":"template-participate.php","meta":{"_acf_changed":false,"footnotes":""},"class_list":["post-1182","page","type-page","status-publish","hentry"],"acf":[],"_links":{"self":[{"href":"https:\/\/agora.esag.swiss\/de\/wp-json\/wp\/v2\/pages\/1182","targetHints":{"allow":["GET"]}}],"collection":[{"href":"https:\/\/agora.esag.swiss\/de\/wp-json\/wp\/v2\/pages"}],"about":[{"href":"https:\/\/agora.esag.swiss\/de\/wp-json\/wp\/v2\/types\/page"}],"author":[{"embeddable":true,"href":"https:\/\/agora.esag.swiss\/de\/wp-json\/wp\/v2\/users\/1"}],"replies":[{"embeddable":true,"href":"https:\/\/agora.esag.swiss\/de\/wp-json\/wp\/v2\/comments?post=1182"}],"version-history":[{"count":2,"href":"https:\/\/agora.esag.swiss\/de\/wp-json\/wp\/v2\/pages\/1182\/revisions"}],"predecessor-version":[{"id":1366,"href":"https:\/\/agora.esag.swiss\/de\/wp-json\/wp\/v2\/pages\/1182\/revisions\/1366"}],"wp:attachment":[{"href":"https:\/\/agora.esag.swiss\/de\/wp-json\/wp\/v2\/media?parent=1182"}],"curies":[{"name":"wp","href":"https:\/\/api.w.org\/{rel}","templated":true}]}}