{"id":1210,"date":"2022-03-23T20:33:33","date_gmt":"2022-03-23T19:33:33","guid":{"rendered":"https:\/\/agora.esag.swiss\/das-heiligtum-der-artemis\/interaktiver-rundgang\/"},"modified":"2022-03-27T18:58:13","modified_gmt":"2022-03-27T16:58:13","slug":"interaktiver-rundgang","status":"publish","type":"page","link":"https:\/\/agora.esag.swiss\/de\/das-heiligtum-der-artemis\/interaktiver-rundgang\/","title":{"rendered":"Interaktiver Rundgang"},"content":{"rendered":"\n<p>Es gibt nichts Besseres als einen dreidimensionalen und bebilderten Rundgang, um die wichtigsten \u00dcberreste des Artemis-Heiligtums in Amarynthos zu erkunden.<\/p>\n\n\n\n<p class=\"has-text-align-center has-background\" style=\"background-color:#def2ca\"><a href=\"https:\/\/xd.adobe.com\/view\/bdd13a6b-a4d1-4c00-a538-078488dd829d-e882\/?fullscreen\" target=\"_blank\" rel=\"noreferrer noopener\"><strong>Starten Sie den interaktive Rundgang<\/strong><\/a><\/p>\n\n\n\n<p>Und f\u00fcr die Neugierigen unter euch gibt es einen R\u00fcckblick auf die Entdeckung des Heiligtums durch die <a href=\"https:\/\/agora.esag.swiss\/de\/planet-archaeo\/auf-der-suche-nach-dem-verlorenen-tempel\/\">Erfahrungsberichte<\/a> von Arch\u00e4ologen und Studenten, die an diesem aussergew\u00f6hnlichen Abenteuer teilgenommen haben.<\/p>\n","protected":false},"excerpt":{"rendered":"<p>Es gibt nichts Besseres als einen dreidimensionalen und bebilderten Rundgang, um die wichtigsten \u00dcberreste des Artemis-Heiligtums in Amarynthos zu erkunden. Starten Sie den interaktive Rundgang Und f\u00fcr die Neugierigen unter euch gibt es einen R\u00fcckblick auf die Entdeckung des Heiligtums durch die Erfahrungsberichte von Arch\u00e4ologen und Studenten, die an diesem aussergew\u00f6hnlichen Abenteuer teilgenommen haben.<\/p>\n","protected":false},"author":1,"featured_media":924,"parent":1184,"menu_order":93,"comment_status":"closed","ping_status":"closed","template":"","meta":{"_acf_changed":false,"footnotes":""},"class_list":["post-1210","page","type-page","status-publish","has-post-thumbnail","hentry"],"acf":[],"_links":{"self":[{"href":"https:\/\/agora.esag.swiss\/de\/wp-json\/wp\/v2\/pages\/1210","targetHints":{"allow":["GET"]}}],"collection":[{"href":"https:\/\/agora.esag.swiss\/de\/wp-json\/wp\/v2\/pages"}],"about":[{"href":"https:\/\/agora.esag.swiss\/de\/wp-json\/wp\/v2\/types\/page"}],"author":[{"embeddable":true,"href":"https:\/\/agora.esag.swiss\/de\/wp-json\/wp\/v2\/users\/1"}],"replies":[{"embeddable":true,"href":"https:\/\/agora.esag.swiss\/de\/wp-json\/wp\/v2\/comments?post=1210"}],"version-history":[{"count":4,"href":"https:\/\/agora.esag.swiss\/de\/wp-json\/wp\/v2\/pages\/1210\/revisions"}],"predecessor-version":[{"id":1241,"href":"https:\/\/agora.esag.swiss\/de\/wp-json\/wp\/v2\/pages\/1210\/revisions\/1241"}],"up":[{"embeddable":true,"href":"https:\/\/agora.esag.swiss\/de\/wp-json\/wp\/v2\/pages\/1184"}],"wp:featuredmedia":[{"embeddable":true,"href":"https:\/\/agora.esag.swiss\/de\/wp-json\/wp\/v2\/media\/924"}],"wp:attachment":[{"href":"https:\/\/agora.esag.swiss\/de\/wp-json\/wp\/v2\/media?parent=1210"}],"curies":[{"name":"wp","href":"https:\/\/api.w.org\/{rel}","templated":true}]}}