{"id":1301,"date":"2022-04-14T08:00:58","date_gmt":"2022-04-14T06:00:58","guid":{"rendered":"https:\/\/agora.esag.swiss\/planet-archaeo\/auf-der-suche-nach-dem-verlorenen-tempel\/"},"modified":"2022-05-10T10:44:26","modified_gmt":"2022-05-10T08:44:26","slug":"auf-der-suche-nach-dem-verlorenen-tempel","status":"publish","type":"page","link":"https:\/\/agora.esag.swiss\/de\/planet-archaeo\/auf-der-suche-nach-dem-verlorenen-tempel\/","title":{"rendered":"Auf der Suche nach dem verlorenen Tempel"},"content":{"rendered":"\n<div style=\"height:1px\" aria-hidden=\"true\" class=\"wp-block-spacer\"><\/div>\n\n<figure class=\"wp-block-embed is-type-video is-provider-vimeo wp-block-embed-vimeo wp-embed-aspect-16-9 wp-has-aspect-ratio\"><div class=\"wp-block-embed__wrapper\">\r\n<iframe loading=\"lazy\" title=\"AMARYNTHOS ESAG\" src=\"https:\/\/player.vimeo.com\/video\/701133547?dnt=1&amp;app_id=122963\" width=\"500\" height=\"281\" frameborder=\"0\" allow=\"autoplay; fullscreen; picture-in-picture; clipboard-write\"><\/iframe>\r\n<\/div><\/figure>\r\n\n<p>R\u00fcckblick auf die Entdeckung des Artemis-Heiligtums in Amarynthos durch die Berichte von Arch\u00e4ologInnen und StudentInnen, die an diesem au\u00dfergew\u00f6hnlichen Abenteuer teilgenommen haben.<\/p>\n\n<div style=\"height:68px\" aria-hidden=\"true\" class=\"wp-block-spacer\"><\/div>\n\n<h2 class=\"wp-block-heading\">Entdecken Sie die Portr\u00e4ts der Arch\u00e4ologInnen und StudentInnen<\/h2>\n\n<table>\r\n<tbody><tr>\r\n<td><a href=\"https:\/\/agora.esag.swiss\/de\/planet-archaeo\/entdecken-1-2\/\"><img loading=\"lazy\" decoding=\"async\" src=\"https:\/\/agora.esag.swiss\/wp-content\/uploads\/2021\/03\/chloe.jpg\" alt=\"\" width=\"200\" height=\"200\"\/><\/a><\/td>\r\n<td><a href=\"https:\/\/agora.esag.swiss\/de\/planet-archaeo\/entdecken-2-2\/\"><img loading=\"lazy\" decoding=\"async\" src=\"https:\/\/agora.esag.swiss\/wp-content\/uploads\/2022\/04\/Nadja.jpg\" alt=\"\" width=\"200\" height=\"200\"\/><\/a><\/td>\r\n<\/tr>\r\n<\/tbody><tbody><tr>\r\n<td><a href=\"https:\/\/agora.esag.swiss\/de\/planet-archaeo\/erkunden\/\"><img loading=\"lazy\" decoding=\"async\" src=\"https:\/\/agora.esag.swiss\/wp-content\/uploads\/2021\/03\/tamara.jpg\" alt=\"\" width=\"200\" height=\"200\"\/><\/a><\/td>\r\n<td><a href=\"https:\/\/agora.esag.swiss\/de\/planet-archaeo\/verwalten\/\"><img loading=\"lazy\" decoding=\"async\" src=\"https:\/\/agora.esag.swiss\/wp-content\/uploads\/2022\/04\/Christina.jpg\" alt=\"\" width=\"200\" height=\"200\"\/><\/a><\/td>\r\n<\/tr>\r\n<\/tbody><tbody><tr>\r\n<td><a href=\"https:\/\/agora.esag.swiss\/de\/planet-archaeo\/ausgraben\/\"><img loading=\"lazy\" decoding=\"async\" src=\"https:\/\/agora.esag.swiss\/wp-content\/uploads\/2022\/04\/Daniela.jpg\" alt=\"\" width=\"200\" height=\"200\"\/><\/a><\/td>\r\n<td><a href=\"https:\/\/agora.esag.swiss\/de\/planet-archaeo\/dokumentieren\/\"><img loading=\"lazy\" decoding=\"async\" src=\"https:\/\/agora.esag.swiss\/wp-content\/uploads\/2021\/03\/jerome.jpg\" alt=\"\" width=\"200\" height=\"200\"\/><\/a><\/td>\r\n<\/tr>\r\n<\/tbody><tbody><tr>\r\n<td><a href=\"https:\/\/agora.esag.swiss\/de\/planet-archaeo\/zeichnen\/\"><img loading=\"lazy\" decoding=\"async\" src=\"https:\/\/agora.esag.swiss\/wp-content\/uploads\/2021\/03\/samuel.jpg\" alt=\"\" width=\"200\" height=\"200\"\/><\/a><\/td>\r\n<td><a href=\"https:\/\/agora.esag.swiss\/de\/planet-archaeo\/funde-bearbeiten\/\"><img loading=\"lazy\" decoding=\"async\" src=\"https:\/\/agora.esag.swiss\/wp-content\/uploads\/2021\/03\/kyriaki.jpg\" alt=\"\" width=\"200\" height=\"200\"\/><\/a><\/td>\r\n<\/tr>\r\n<tr>\r\n<td><a href=\"https:\/\/agora.esag.swiss\/de\/planet-archaeo\/restaurieren\/\"><img loading=\"lazy\" decoding=\"async\" src=\"https:\/\/agora.esag.swiss\/wp-content\/uploads\/2021\/03\/Harris.jpg\" alt=\"\" width=\"200\" height=\"200\"\/><\/a><\/td>\r\n<td><a href=\"https:\/\/agora.esag.swiss\/de\/planet-archaeo\/vermitteln\/\"><img loading=\"lazy\" decoding=\"async\" src=\"https:\/\/agora.esag.swiss\/wp-content\/uploads\/2021\/03\/pauline.jpg\" alt=\"\" width=\"200\" height=\"200\"\/><\/a><\/td>\r\n<\/tr>\r\n<tr>\r\n<td><a href=\"https:\/\/agora.esag.swiss\/de\/planet-archaeo\/orchestrieren\/\"><img loading=\"lazy\" decoding=\"async\" src=\"https:\/\/agora.esag.swiss\/wp-content\/uploads\/2022\/04\/Tobias.jpg\" alt=\"\" width=\"200\" height=\"200\"\/><\/a><\/td>\r\n<td><a href=\"https:\/\/agora.esag.swiss\/de\/planet-archaeo\/initiieren\/\"><img loading=\"lazy\" decoding=\"async\" src=\"https:\/\/agora.esag.swiss\/wp-content\/uploads\/2021\/03\/Denis-Knoepfler.jpg\" alt=\"\" width=\"200\" height=\"200\"\/><\/a><\/td>\r\n<\/tr>\r\n<\/tbody><\/table>\r\n","protected":false},"excerpt":{"rendered":"<p>R\u00fcckblick auf die Entdeckung des Artemis-Heiligtums in Amarynthos durch die Berichte von Arch\u00e4ologInnen und StudentInnen, die an diesem au\u00dfergew\u00f6hnlichen Abenteuer teilgenommen haben. Entdecken Sie die Portr\u00e4ts der Arch\u00e4ologInnen und StudentInnen<\/p>\n","protected":false},"author":3,"featured_media":0,"parent":1222,"menu_order":7,"comment_status":"closed","ping_status":"closed","template":"","meta":{"_acf_changed":false,"footnotes":""},"class_list":["post-1301","page","type-page","status-publish","hentry"],"acf":[],"_links":{"self":[{"href":"https:\/\/agora.esag.swiss\/de\/wp-json\/wp\/v2\/pages\/1301","targetHints":{"allow":["GET"]}}],"collection":[{"href":"https:\/\/agora.esag.swiss\/de\/wp-json\/wp\/v2\/pages"}],"about":[{"href":"https:\/\/agora.esag.swiss\/de\/wp-json\/wp\/v2\/types\/page"}],"author":[{"embeddable":true,"href":"https:\/\/agora.esag.swiss\/de\/wp-json\/wp\/v2\/users\/3"}],"replies":[{"embeddable":true,"href":"https:\/\/agora.esag.swiss\/de\/wp-json\/wp\/v2\/comments?post=1301"}],"version-history":[{"count":4,"href":"https:\/\/agora.esag.swiss\/de\/wp-json\/wp\/v2\/pages\/1301\/revisions"}],"predecessor-version":[{"id":1378,"href":"https:\/\/agora.esag.swiss\/de\/wp-json\/wp\/v2\/pages\/1301\/revisions\/1378"}],"up":[{"embeddable":true,"href":"https:\/\/agora.esag.swiss\/de\/wp-json\/wp\/v2\/pages\/1222"}],"wp:attachment":[{"href":"https:\/\/agora.esag.swiss\/de\/wp-json\/wp\/v2\/media?parent=1301"}],"curies":[{"name":"wp","href":"https:\/\/api.w.org\/{rel}","templated":true}]}}