{"id":1307,"date":"2022-04-14T09:10:40","date_gmt":"2022-04-14T07:10:40","guid":{"rendered":"https:\/\/agora.esag.swiss\/planet-archaeo\/entdecken-2-2\/"},"modified":"2022-04-14T11:01:45","modified_gmt":"2022-04-14T09:01:45","slug":"entdecken-2-2","status":"publish","type":"page","link":"https:\/\/agora.esag.swiss\/de\/planet-archaeo\/entdecken-2-2\/","title":{"rendered":"Entdecken 2\/2"},"content":{"rendered":"\n<p><\/p>\n\n\n\n<p class=\"has-text-align-center\">Entdecke die Artemision-Grabung, indem du in den Alltag der verschiedenen Akteure der Ausgrabung eintauchst.<\/p>\n\n\n\n<figure class=\"wp-block-embed is-type-video is-provider-vimeo wp-block-embed-vimeo wp-embed-aspect-1-1 wp-has-aspect-ratio\"><div class=\"wp-block-embed__wrapper\">\n<iframe loading=\"lazy\" title=\"Nadja\" src=\"https:\/\/player.vimeo.com\/video\/692970915?dnt=1&amp;app_id=122963\" width=\"500\" height=\"500\" frameborder=\"0\" allow=\"autoplay; fullscreen; picture-in-picture; clipboard-write\"><\/iframe>\n<\/div><\/figure>\n\n\n\n<p>Nadja studiert Arch\u00e4ologie an der Universit\u00e4t Basel. Nach einigen Bef\u00fcrchtungen, den Sommer in einem so gro\u00dfen Team zu verbringen, berichtet sie von ihrer Entdeckung bei der Ausgrabung. <\/p>\n\n\n\n<p class=\"has-text-align-right has-small-font-size\"><\/p>\n","protected":false},"excerpt":{"rendered":"<p>Entdecke die Artemision-Grabung, indem du in den Alltag der verschiedenen Akteure der Ausgrabung eintauchst. Nadja studiert Arch\u00e4ologie an der Universit\u00e4t Basel. Nach einigen Bef\u00fcrchtungen, den Sommer in einem so gro\u00dfen Team zu verbringen, berichtet sie von ihrer Entdeckung bei der Ausgrabung.<\/p>\n","protected":false},"author":3,"featured_media":0,"parent":1222,"menu_order":54,"comment_status":"closed","ping_status":"closed","template":"","meta":{"_acf_changed":false,"footnotes":""},"class_list":["post-1307","page","type-page","status-publish","hentry"],"acf":[],"_links":{"self":[{"href":"https:\/\/agora.esag.swiss\/de\/wp-json\/wp\/v2\/pages\/1307","targetHints":{"allow":["GET"]}}],"collection":[{"href":"https:\/\/agora.esag.swiss\/de\/wp-json\/wp\/v2\/pages"}],"about":[{"href":"https:\/\/agora.esag.swiss\/de\/wp-json\/wp\/v2\/types\/page"}],"author":[{"embeddable":true,"href":"https:\/\/agora.esag.swiss\/de\/wp-json\/wp\/v2\/users\/3"}],"replies":[{"embeddable":true,"href":"https:\/\/agora.esag.swiss\/de\/wp-json\/wp\/v2\/comments?post=1307"}],"version-history":[{"count":2,"href":"https:\/\/agora.esag.swiss\/de\/wp-json\/wp\/v2\/pages\/1307\/revisions"}],"predecessor-version":[{"id":1333,"href":"https:\/\/agora.esag.swiss\/de\/wp-json\/wp\/v2\/pages\/1307\/revisions\/1333"}],"up":[{"embeddable":true,"href":"https:\/\/agora.esag.swiss\/de\/wp-json\/wp\/v2\/pages\/1222"}],"wp:attachment":[{"href":"https:\/\/agora.esag.swiss\/de\/wp-json\/wp\/v2\/media?parent=1307"}],"curies":[{"name":"wp","href":"https:\/\/api.w.org\/{rel}","templated":true}]}}