{"id":1311,"date":"2022-04-14T10:40:09","date_gmt":"2022-04-14T08:40:09","guid":{"rendered":"https:\/\/agora.esag.swiss\/planet-archaeo\/entdecken-1-2\/"},"modified":"2022-06-03T11:39:30","modified_gmt":"2022-06-03T09:39:30","slug":"entdecken-1-2","status":"publish","type":"page","link":"https:\/\/agora.esag.swiss\/de\/planet-archaeo\/entdecken-1-2\/","title":{"rendered":"Entdecken 1\/2"},"content":{"rendered":"\n<p><\/p>\n\n\n\n<p class=\"has-text-align-center\">Entdecke die Artemision-Grabung, indem du in den Alltag der verschiedenen Akteure der Ausgrabung eintauchst.<\/p>\n\n\n\n<figure class=\"wp-block-embed is-type-video is-provider-vimeo wp-block-embed-vimeo wp-embed-aspect-1-1 wp-has-aspect-ratio\"><div class=\"wp-block-embed__wrapper\">\n<iframe loading=\"lazy\" title=\"Chlo\u00e9\" src=\"https:\/\/player.vimeo.com\/video\/472198186?dnt=1&amp;app_id=122963\" width=\"500\" height=\"500\" frameborder=\"0\" allow=\"autoplay; fullscreen; picture-in-picture; clipboard-write\"><\/iframe>\n<\/div><\/figure>\n\n\n\n<p>Chlo\u00e9 studiert Klassiche Arch\u00e4ologie an der Universit\u00e4t Lausanne. Sie erkl\u00e4rt uns ihre Aufgabe im Team und ihre Leidenschaft f\u00fcr die Feldforschungen. <\/p>\n","protected":false},"excerpt":{"rendered":"<p>Entdecke die Artemision-Grabung, indem du in den Alltag der verschiedenen Akteure der Ausgrabung eintauchst. Chlo\u00e9 studiert Klassiche Arch\u00e4ologie an der Universit\u00e4t Lausanne. Sie erkl\u00e4rt uns ihre Aufgabe im Team und ihre Leidenschaft f\u00fcr die Feldforschungen.<\/p>\n","protected":false},"author":5,"featured_media":0,"parent":1222,"menu_order":50,"comment_status":"closed","ping_status":"closed","template":"","meta":{"_acf_changed":false,"footnotes":""},"class_list":["post-1311","page","type-page","status-publish","hentry"],"acf":[],"_links":{"self":[{"href":"https:\/\/agora.esag.swiss\/de\/wp-json\/wp\/v2\/pages\/1311","targetHints":{"allow":["GET"]}}],"collection":[{"href":"https:\/\/agora.esag.swiss\/de\/wp-json\/wp\/v2\/pages"}],"about":[{"href":"https:\/\/agora.esag.swiss\/de\/wp-json\/wp\/v2\/types\/page"}],"author":[{"embeddable":true,"href":"https:\/\/agora.esag.swiss\/de\/wp-json\/wp\/v2\/users\/5"}],"replies":[{"embeddable":true,"href":"https:\/\/agora.esag.swiss\/de\/wp-json\/wp\/v2\/comments?post=1311"}],"version-history":[{"count":2,"href":"https:\/\/agora.esag.swiss\/de\/wp-json\/wp\/v2\/pages\/1311\/revisions"}],"predecessor-version":[{"id":1408,"href":"https:\/\/agora.esag.swiss\/de\/wp-json\/wp\/v2\/pages\/1311\/revisions\/1408"}],"up":[{"embeddable":true,"href":"https:\/\/agora.esag.swiss\/de\/wp-json\/wp\/v2\/pages\/1222"}],"wp:attachment":[{"href":"https:\/\/agora.esag.swiss\/de\/wp-json\/wp\/v2\/media?parent=1311"}],"curies":[{"name":"wp","href":"https:\/\/api.w.org\/{rel}","templated":true}]}}