{"id":1313,"date":"2022-04-14T10:42:03","date_gmt":"2022-04-14T08:42:03","guid":{"rendered":"https:\/\/agora.esag.swiss\/planet-archaeo\/erkunden\/"},"modified":"2022-04-14T10:42:03","modified_gmt":"2022-04-14T08:42:03","slug":"erkunden","status":"publish","type":"page","link":"https:\/\/agora.esag.swiss\/de\/planet-archaeo\/erkunden\/","title":{"rendered":"Erkunden"},"content":{"rendered":"\n<p class=\"has-text-align-center\">Entdecke die Artemision-Grabung, indem du in den Alltag der verschiedenen Akteure der Ausgrabung eintauchst.<\/p>\n\n<figure class=\"wp-block-embed-vimeo wp-block-embed is-type-video is-provider-vimeo wp-embed-aspect-1-1 wp-has-aspect-ratio\"><div class=\"wp-block-embed__wrapper\">\n<iframe loading=\"lazy\" title=\"Tamara\" src=\"https:\/\/player.vimeo.com\/video\/482605119?dnt=1&amp;app_id=122963\" width=\"500\" height=\"500\" frameborder=\"0\" allow=\"autoplay; fullscreen; picture-in-picture; clipboard-write\"><\/iframe>\n<\/div><\/figure>\n\n<p>Tamara ist Doktorandin an der Universit\u00e4t Genf. Sie erz\u00e4hlt uns, wie sie den Beruf des Arch\u00e4ologen f\u00fcr sich entdeckt hat und wie ihr Alltag auf der Ausgrabung in Amarynthos abl\u00e4uft.<\/p>\n","protected":false},"excerpt":{"rendered":"<p>Entdecke die Artemision-Grabung, indem du in den Alltag der verschiedenen Akteure der Ausgrabung eintauchst. Tamara ist Doktorandin an der Universit\u00e4t Genf. Sie erz\u00e4hlt uns, wie sie den Beruf des Arch\u00e4ologen f\u00fcr sich entdeckt hat und wie ihr Alltag auf der Ausgrabung in Amarynthos abl\u00e4uft.<\/p>\n","protected":false},"author":5,"featured_media":0,"parent":1222,"menu_order":58,"comment_status":"closed","ping_status":"closed","template":"","meta":{"_acf_changed":false,"footnotes":""},"class_list":["post-1313","page","type-page","status-publish","hentry"],"acf":[],"_links":{"self":[{"href":"https:\/\/agora.esag.swiss\/de\/wp-json\/wp\/v2\/pages\/1313","targetHints":{"allow":["GET"]}}],"collection":[{"href":"https:\/\/agora.esag.swiss\/de\/wp-json\/wp\/v2\/pages"}],"about":[{"href":"https:\/\/agora.esag.swiss\/de\/wp-json\/wp\/v2\/types\/page"}],"author":[{"embeddable":true,"href":"https:\/\/agora.esag.swiss\/de\/wp-json\/wp\/v2\/users\/5"}],"replies":[{"embeddable":true,"href":"https:\/\/agora.esag.swiss\/de\/wp-json\/wp\/v2\/comments?post=1313"}],"version-history":[{"count":1,"href":"https:\/\/agora.esag.swiss\/de\/wp-json\/wp\/v2\/pages\/1313\/revisions"}],"predecessor-version":[{"id":1314,"href":"https:\/\/agora.esag.swiss\/de\/wp-json\/wp\/v2\/pages\/1313\/revisions\/1314"}],"up":[{"embeddable":true,"href":"https:\/\/agora.esag.swiss\/de\/wp-json\/wp\/v2\/pages\/1222"}],"wp:attachment":[{"href":"https:\/\/agora.esag.swiss\/de\/wp-json\/wp\/v2\/media?parent=1313"}],"curies":[{"name":"wp","href":"https:\/\/api.w.org\/{rel}","templated":true}]}}