{"id":1315,"date":"2022-04-14T10:45:00","date_gmt":"2022-04-14T08:45:00","guid":{"rendered":"https:\/\/agora.esag.swiss\/planet-archaeo\/verwalten\/"},"modified":"2022-04-14T11:10:15","modified_gmt":"2022-04-14T09:10:15","slug":"verwalten","status":"publish","type":"page","link":"https:\/\/agora.esag.swiss\/de\/planet-archaeo\/verwalten\/","title":{"rendered":"Verwalten"},"content":{"rendered":"\n<p class=\"has-text-align-center\">Entdecke die Artemision-Grabung, indem du in den Alltag der verschiedenen Akteure der Ausgrabung eintauchst.<\/p>\n\n\n\n<figure class=\"wp-block-embed is-type-video is-provider-vimeo wp-block-embed-vimeo wp-embed-aspect-1-1 wp-has-aspect-ratio\"><div class=\"wp-block-embed__wrapper\">\n<iframe loading=\"lazy\" title=\"Christina\" src=\"https:\/\/player.vimeo.com\/video\/692305864?dnt=1&amp;app_id=122963\" width=\"500\" height=\"500\" frameborder=\"0\" allow=\"autoplay; fullscreen; picture-in-picture; clipboard-write\"><\/iframe>\n<\/div><\/figure>\n\n\n\n<p>Christina studiert Arch\u00e4ologie an der Universit\u00e4t Z\u00fcrich. Sie ist f\u00fcr eine Sondage verantwortlich und beschreibt ihre verschiedenen Aufgaben auf der Ausgrabung, von der Dokumentation der Funde bis zum Sieben der Sedimente.<\/p>\n","protected":false},"excerpt":{"rendered":"<p>Entdecke die Artemision-Grabung, indem du in den Alltag der verschiedenen Akteure der Ausgrabung eintauchst. Christina studiert Arch\u00e4ologie an der Universit\u00e4t Z\u00fcrich. Sie ist f\u00fcr eine Sondage verantwortlich und beschreibt ihre verschiedenen Aufgaben auf der Ausgrabung, von der Dokumentation der Funde bis zum Sieben der Sedimente.<\/p>\n","protected":false},"author":3,"featured_media":0,"parent":1222,"menu_order":62,"comment_status":"closed","ping_status":"closed","template":"","meta":{"_acf_changed":false,"footnotes":""},"class_list":["post-1315","page","type-page","status-publish","hentry"],"acf":[],"_links":{"self":[{"href":"https:\/\/agora.esag.swiss\/de\/wp-json\/wp\/v2\/pages\/1315","targetHints":{"allow":["GET"]}}],"collection":[{"href":"https:\/\/agora.esag.swiss\/de\/wp-json\/wp\/v2\/pages"}],"about":[{"href":"https:\/\/agora.esag.swiss\/de\/wp-json\/wp\/v2\/types\/page"}],"author":[{"embeddable":true,"href":"https:\/\/agora.esag.swiss\/de\/wp-json\/wp\/v2\/users\/3"}],"replies":[{"embeddable":true,"href":"https:\/\/agora.esag.swiss\/de\/wp-json\/wp\/v2\/comments?post=1315"}],"version-history":[{"count":2,"href":"https:\/\/agora.esag.swiss\/de\/wp-json\/wp\/v2\/pages\/1315\/revisions"}],"predecessor-version":[{"id":1334,"href":"https:\/\/agora.esag.swiss\/de\/wp-json\/wp\/v2\/pages\/1315\/revisions\/1334"}],"up":[{"embeddable":true,"href":"https:\/\/agora.esag.swiss\/de\/wp-json\/wp\/v2\/pages\/1222"}],"wp:attachment":[{"href":"https:\/\/agora.esag.swiss\/de\/wp-json\/wp\/v2\/media?parent=1315"}],"curies":[{"name":"wp","href":"https:\/\/api.w.org\/{rel}","templated":true}]}}