{"id":1317,"date":"2022-04-14T10:46:19","date_gmt":"2022-04-14T08:46:19","guid":{"rendered":"https:\/\/agora.esag.swiss\/planet-archaeo\/ausgraben\/"},"modified":"2022-04-14T11:10:41","modified_gmt":"2022-04-14T09:10:41","slug":"ausgraben","status":"publish","type":"page","link":"https:\/\/agora.esag.swiss\/de\/planet-archaeo\/ausgraben\/","title":{"rendered":"Ausgraben"},"content":{"rendered":"\n<p class=\"has-text-align-center\">Entdecke die Artemision-Grabung, indem du in den Alltag der verschiedenen Akteure der Ausgrabung eintauchst.<\/p>\n\n\n\n<figure class=\"wp-block-embed is-type-video is-provider-vimeo wp-block-embed-vimeo wp-embed-aspect-1-1 wp-has-aspect-ratio\"><div class=\"wp-block-embed__wrapper\">\n<iframe loading=\"lazy\" title=\"Daniela\" src=\"https:\/\/player.vimeo.com\/video\/692304575?dnt=1&amp;app_id=122963\" width=\"500\" height=\"500\" frameborder=\"0\" allow=\"autoplay; fullscreen; picture-in-picture; clipboard-write\"><\/iframe>\n<\/div><\/figure>\n\n\n\n<p>Daniela arbeitet an ihrer Doktorarbeit in Arch\u00e4ologie an der Universit\u00e4t Lausanne. Hier teilt sie ihr Interesse an der Ausgrabung in Amarynthos, w\u00e4hrend sie mit unendlicher Geduld Knochen aus einem Grab freilegt.<\/p>\n","protected":false},"excerpt":{"rendered":"<p>Entdecke die Artemision-Grabung, indem du in den Alltag der verschiedenen Akteure der Ausgrabung eintauchst. Daniela arbeitet an ihrer Doktorarbeit in Arch\u00e4ologie an der Universit\u00e4t Lausanne. Hier teilt sie ihr Interesse an der Ausgrabung in Amarynthos, w\u00e4hrend sie mit unendlicher Geduld Knochen aus einem Grab freilegt.<\/p>\n","protected":false},"author":3,"featured_media":0,"parent":1222,"menu_order":65,"comment_status":"closed","ping_status":"closed","template":"","meta":{"_acf_changed":false,"footnotes":""},"class_list":["post-1317","page","type-page","status-publish","hentry"],"acf":[],"_links":{"self":[{"href":"https:\/\/agora.esag.swiss\/de\/wp-json\/wp\/v2\/pages\/1317","targetHints":{"allow":["GET"]}}],"collection":[{"href":"https:\/\/agora.esag.swiss\/de\/wp-json\/wp\/v2\/pages"}],"about":[{"href":"https:\/\/agora.esag.swiss\/de\/wp-json\/wp\/v2\/types\/page"}],"author":[{"embeddable":true,"href":"https:\/\/agora.esag.swiss\/de\/wp-json\/wp\/v2\/users\/3"}],"replies":[{"embeddable":true,"href":"https:\/\/agora.esag.swiss\/de\/wp-json\/wp\/v2\/comments?post=1317"}],"version-history":[{"count":2,"href":"https:\/\/agora.esag.swiss\/de\/wp-json\/wp\/v2\/pages\/1317\/revisions"}],"predecessor-version":[{"id":1335,"href":"https:\/\/agora.esag.swiss\/de\/wp-json\/wp\/v2\/pages\/1317\/revisions\/1335"}],"up":[{"embeddable":true,"href":"https:\/\/agora.esag.swiss\/de\/wp-json\/wp\/v2\/pages\/1222"}],"wp:attachment":[{"href":"https:\/\/agora.esag.swiss\/de\/wp-json\/wp\/v2\/media?parent=1317"}],"curies":[{"name":"wp","href":"https:\/\/api.w.org\/{rel}","templated":true}]}}