{"id":1319,"date":"2022-04-14T10:47:23","date_gmt":"2022-04-14T08:47:23","guid":{"rendered":"https:\/\/agora.esag.swiss\/planet-archaeo\/dokumentieren\/"},"modified":"2022-04-14T10:47:24","modified_gmt":"2022-04-14T08:47:24","slug":"dokumentieren","status":"publish","type":"page","link":"https:\/\/agora.esag.swiss\/de\/planet-archaeo\/dokumentieren\/","title":{"rendered":"Dokumentieren"},"content":{"rendered":"\n<p class=\"has-text-align-center\">Entdecke die Artemision-Grabung, indem du in den Alltag der verschiedenen Akteure der Ausgrabung eintauchst.<\/p>\n\n<figure class=\"wp-block-embed is-type-video is-provider-vimeo wp-block-embed-vimeo wp-embed-aspect-1-1 wp-has-aspect-ratio\"><div class=\"wp-block-embed__wrapper\">\r\n<iframe loading=\"lazy\" title=\"J\u00e9r\u00f4me\" src=\"https:\/\/player.vimeo.com\/video\/472207016?dnt=1&amp;app_id=122963\" width=\"500\" height=\"500\" frameborder=\"0\" allow=\"autoplay; fullscreen; picture-in-picture; clipboard-write\"><\/iframe>\r\n<\/div><\/figure>\r\n\n<p>J\u00e9r\u00f4me studiert Arch\u00e4ologie an der Universit\u00e4t Lausanne. Er erkl\u00e4rt, was ihn an diesem Beruf fasziniert und worauf er sich auf der Ausgrabung spezialisiert hat.<\/p>\n","protected":false},"excerpt":{"rendered":"<p>Entdecke die Artemision-Grabung, indem du in den Alltag der verschiedenen Akteure der Ausgrabung eintauchst. J\u00e9r\u00f4me studiert Arch\u00e4ologie an der Universit\u00e4t Lausanne. Er erkl\u00e4rt, was ihn an diesem Beruf fasziniert und worauf er sich auf der Ausgrabung spezialisiert hat.<\/p>\n","protected":false},"author":5,"featured_media":0,"parent":1222,"menu_order":68,"comment_status":"closed","ping_status":"closed","template":"","meta":{"_acf_changed":false,"footnotes":""},"class_list":["post-1319","page","type-page","status-publish","hentry"],"acf":[],"_links":{"self":[{"href":"https:\/\/agora.esag.swiss\/de\/wp-json\/wp\/v2\/pages\/1319","targetHints":{"allow":["GET"]}}],"collection":[{"href":"https:\/\/agora.esag.swiss\/de\/wp-json\/wp\/v2\/pages"}],"about":[{"href":"https:\/\/agora.esag.swiss\/de\/wp-json\/wp\/v2\/types\/page"}],"author":[{"embeddable":true,"href":"https:\/\/agora.esag.swiss\/de\/wp-json\/wp\/v2\/users\/5"}],"replies":[{"embeddable":true,"href":"https:\/\/agora.esag.swiss\/de\/wp-json\/wp\/v2\/comments?post=1319"}],"version-history":[{"count":1,"href":"https:\/\/agora.esag.swiss\/de\/wp-json\/wp\/v2\/pages\/1319\/revisions"}],"predecessor-version":[{"id":1320,"href":"https:\/\/agora.esag.swiss\/de\/wp-json\/wp\/v2\/pages\/1319\/revisions\/1320"}],"up":[{"embeddable":true,"href":"https:\/\/agora.esag.swiss\/de\/wp-json\/wp\/v2\/pages\/1222"}],"wp:attachment":[{"href":"https:\/\/agora.esag.swiss\/de\/wp-json\/wp\/v2\/media?parent=1319"}],"curies":[{"name":"wp","href":"https:\/\/api.w.org\/{rel}","templated":true}]}}