{"id":1321,"date":"2022-04-14T10:48:39","date_gmt":"2022-04-14T08:48:39","guid":{"rendered":"https:\/\/agora.esag.swiss\/planet-archaeo\/zeichnen\/"},"modified":"2022-04-14T10:48:39","modified_gmt":"2022-04-14T08:48:39","slug":"zeichnen","status":"publish","type":"page","link":"https:\/\/agora.esag.swiss\/de\/planet-archaeo\/zeichnen\/","title":{"rendered":"Zeichnen"},"content":{"rendered":"\n<p class=\"has-text-align-center\">Entdecke die Artemision-Grabung, indem du in den Alltag der verschiedenen Akteure der Ausgrabung eintauchst.<\/p>\n\n<figure class=\"wp-block-embed-vimeo wp-block-embed is-type-video is-provider-vimeo wp-embed-aspect-1-1 wp-has-aspect-ratio\"><div class=\"wp-block-embed__wrapper\">\n<iframe loading=\"lazy\" title=\"Samuel\" src=\"https:\/\/player.vimeo.com\/video\/472209632?dnt=1&amp;app_id=122963\" width=\"500\" height=\"500\" frameborder=\"0\" allow=\"autoplay; fullscreen; picture-in-picture; clipboard-write\"><\/iframe>\n<\/div><\/figure>\n\n<p>Samuel ist Forscher an der Schweizer Schule f\u00fcr Arch\u00e4ologie in Griechenland. Er f\u00fchrt uns durch das Museum in Eretria und zeigt uns, was hinter den Kulissen des Berufs eines Keramikers passiert.<\/p>\n","protected":false},"excerpt":{"rendered":"<p>Entdecke die Artemision-Grabung, indem du in den Alltag der verschiedenen Akteure der Ausgrabung eintauchst. Samuel ist Forscher an der Schweizer Schule f\u00fcr Arch\u00e4ologie in Griechenland. Er f\u00fchrt uns durch das Museum in Eretria und zeigt uns, was hinter den Kulissen des Berufs eines Keramikers passiert.<\/p>\n","protected":false},"author":5,"featured_media":0,"parent":1222,"menu_order":72,"comment_status":"closed","ping_status":"closed","template":"","meta":{"_acf_changed":false,"footnotes":""},"class_list":["post-1321","page","type-page","status-publish","hentry"],"acf":[],"_links":{"self":[{"href":"https:\/\/agora.esag.swiss\/de\/wp-json\/wp\/v2\/pages\/1321","targetHints":{"allow":["GET"]}}],"collection":[{"href":"https:\/\/agora.esag.swiss\/de\/wp-json\/wp\/v2\/pages"}],"about":[{"href":"https:\/\/agora.esag.swiss\/de\/wp-json\/wp\/v2\/types\/page"}],"author":[{"embeddable":true,"href":"https:\/\/agora.esag.swiss\/de\/wp-json\/wp\/v2\/users\/5"}],"replies":[{"embeddable":true,"href":"https:\/\/agora.esag.swiss\/de\/wp-json\/wp\/v2\/comments?post=1321"}],"version-history":[{"count":1,"href":"https:\/\/agora.esag.swiss\/de\/wp-json\/wp\/v2\/pages\/1321\/revisions"}],"predecessor-version":[{"id":1322,"href":"https:\/\/agora.esag.swiss\/de\/wp-json\/wp\/v2\/pages\/1321\/revisions\/1322"}],"up":[{"embeddable":true,"href":"https:\/\/agora.esag.swiss\/de\/wp-json\/wp\/v2\/pages\/1222"}],"wp:attachment":[{"href":"https:\/\/agora.esag.swiss\/de\/wp-json\/wp\/v2\/media?parent=1321"}],"curies":[{"name":"wp","href":"https:\/\/api.w.org\/{rel}","templated":true}]}}