{"id":1331,"date":"2022-04-14T11:00:31","date_gmt":"2022-04-14T09:00:31","guid":{"rendered":"https:\/\/agora.esag.swiss\/planet-archaeo\/orchestrieren\/"},"modified":"2022-04-14T11:11:07","modified_gmt":"2022-04-14T09:11:07","slug":"orchestrieren","status":"publish","type":"page","link":"https:\/\/agora.esag.swiss\/de\/planet-archaeo\/orchestrieren\/","title":{"rendered":"Orchestrieren"},"content":{"rendered":"\n<p><\/p>\n\n\n\n<p class=\"has-text-align-center\">Entdecke die Artemision-Grabung, indem du in den Alltag der verschiedenen Akteure der Ausgrabung eintauchst.<\/p>\n\n\n\n<figure class=\"wp-block-embed is-type-video is-provider-vimeo wp-block-embed-vimeo wp-embed-aspect-1-1 wp-has-aspect-ratio\"><div class=\"wp-block-embed__wrapper\">\n<iframe loading=\"lazy\" title=\"Tobias\" src=\"https:\/\/player.vimeo.com\/video\/692302667?dnt=1&amp;app_id=122963\" width=\"500\" height=\"500\" frameborder=\"0\" allow=\"autoplay; fullscreen; picture-in-picture; clipboard-write\"><\/iframe>\n<\/div><\/figure>\n\n\n\n<p>Tobias leitet die Ausgrabungen in Amarynthos mit. Er berichtet \u00fcber seine Leidenschaft f\u00fcr die Arch\u00e4ologie und die spektakul\u00e4ren Entdeckungen im Heiligtum der Artemis. <\/p>\n","protected":false},"excerpt":{"rendered":"<p>Entdecke die Artemision-Grabung, indem du in den Alltag der verschiedenen Akteure der Ausgrabung eintauchst. Tobias leitet die Ausgrabungen in Amarynthos mit. Er berichtet \u00fcber seine Leidenschaft f\u00fcr die Arch\u00e4ologie und die spektakul\u00e4ren Entdeckungen im Heiligtum der Artemis.<\/p>\n","protected":false},"author":3,"featured_media":0,"parent":1222,"menu_order":117,"comment_status":"closed","ping_status":"closed","template":"","meta":{"_acf_changed":false,"footnotes":""},"class_list":["post-1331","page","type-page","status-publish","hentry"],"acf":[],"_links":{"self":[{"href":"https:\/\/agora.esag.swiss\/de\/wp-json\/wp\/v2\/pages\/1331","targetHints":{"allow":["GET"]}}],"collection":[{"href":"https:\/\/agora.esag.swiss\/de\/wp-json\/wp\/v2\/pages"}],"about":[{"href":"https:\/\/agora.esag.swiss\/de\/wp-json\/wp\/v2\/types\/page"}],"author":[{"embeddable":true,"href":"https:\/\/agora.esag.swiss\/de\/wp-json\/wp\/v2\/users\/3"}],"replies":[{"embeddable":true,"href":"https:\/\/agora.esag.swiss\/de\/wp-json\/wp\/v2\/comments?post=1331"}],"version-history":[{"count":2,"href":"https:\/\/agora.esag.swiss\/de\/wp-json\/wp\/v2\/pages\/1331\/revisions"}],"predecessor-version":[{"id":1336,"href":"https:\/\/agora.esag.swiss\/de\/wp-json\/wp\/v2\/pages\/1331\/revisions\/1336"}],"up":[{"embeddable":true,"href":"https:\/\/agora.esag.swiss\/de\/wp-json\/wp\/v2\/pages\/1222"}],"wp:attachment":[{"href":"https:\/\/agora.esag.swiss\/de\/wp-json\/wp\/v2\/media?parent=1331"}],"curies":[{"name":"wp","href":"https:\/\/api.w.org\/{rel}","templated":true}]}}