{"id":1383,"date":"2022-05-10T11:06:20","date_gmt":"2022-05-10T09:06:20","guid":{"rendered":"https:\/\/agora.esag.swiss\/mitmachen\/partner\/"},"modified":"2022-05-10T11:17:36","modified_gmt":"2022-05-10T09:17:36","slug":"partner","status":"publish","type":"page","link":"https:\/\/agora.esag.swiss\/de\/mitmachen\/partner\/","title":{"rendered":"Partner"},"content":{"rendered":"\n<h2 class=\"wp-block-heading\"><strong>Finanzierung <\/strong><\/h2>\n\n\n\n<p>Schweizerischer Nationalfonds <a href=\"http:\/\/www.snf.ch\/fr\/Pages\/default.aspx\" data-type=\"URL\">(SNF)<\/a>, Instrument <a href=\"http:\/\/www.snf.ch\/agora\">Agora<\/a><\/p>\n\n\n\n<h2 class=\"wp-block-heading\"><strong>Partner <\/strong><\/h2>\n\n\n\n<p>Universit\u00e4t Lausanne <a rel=\"noreferrer noopener\" href=\"http:\/\/www.unil.ch\/mediationscientifique\" target=\"_blank\">(UniL)<\/a><\/p>\n\n\n\n<p>Ephorie f\u00fcr Altert\u00fcmer der Insel Eub\u00f6a<\/p>\n\n\n\n<p>Kantonsmuseum f\u00fcr Arch\u00e4ologie und Geschichte <a href=\"http:\/\/www.mcah.ch\">(MCAH)<\/a><\/p>\n\n\n\n<p>P\u00e4dagogische Hochschule des Kantons Waadt <a rel=\"noreferrer noopener\" href=\"http:\/\/www.hepl.ch\" target=\"_blank\">(HEP Vaud)<\/a><\/p>\n\n\n\n<p>Dienststelle f\u00fcr Kultur- und Wissenschaftsvermittlung der Universit\u00e4t  Lausanne <a rel=\"noreferrer noopener\" href=\"https:\/\/www.unil.ch\/scms\/fr\/home.html\" target=\"_blank\">(SCMS)<\/a><\/p>\n","protected":false},"excerpt":{"rendered":"<p>Finanzierung Schweizerischer Nationalfonds (SNF), Instrument Agora Partner Universit\u00e4t Lausanne (UniL) Ephorie f\u00fcr Altert\u00fcmer der Insel Eub\u00f6a Kantonsmuseum f\u00fcr Arch\u00e4ologie und Geschichte (MCAH) P\u00e4dagogische Hochschule des Kantons Waadt (HEP Vaud) Dienststelle f\u00fcr Kultur- und Wissenschaftsvermittlung der Universit\u00e4t Lausanne (SCMS)<\/p>\n","protected":false},"author":1,"featured_media":0,"parent":1182,"menu_order":36,"comment_status":"closed","ping_status":"closed","template":"","meta":{"_acf_changed":false,"footnotes":""},"class_list":["post-1383","page","type-page","status-publish","hentry"],"acf":[],"_links":{"self":[{"href":"https:\/\/agora.esag.swiss\/de\/wp-json\/wp\/v2\/pages\/1383","targetHints":{"allow":["GET"]}}],"collection":[{"href":"https:\/\/agora.esag.swiss\/de\/wp-json\/wp\/v2\/pages"}],"about":[{"href":"https:\/\/agora.esag.swiss\/de\/wp-json\/wp\/v2\/types\/page"}],"author":[{"embeddable":true,"href":"https:\/\/agora.esag.swiss\/de\/wp-json\/wp\/v2\/users\/1"}],"replies":[{"embeddable":true,"href":"https:\/\/agora.esag.swiss\/de\/wp-json\/wp\/v2\/comments?post=1383"}],"version-history":[{"count":3,"href":"https:\/\/agora.esag.swiss\/de\/wp-json\/wp\/v2\/pages\/1383\/revisions"}],"predecessor-version":[{"id":1387,"href":"https:\/\/agora.esag.swiss\/de\/wp-json\/wp\/v2\/pages\/1383\/revisions\/1387"}],"up":[{"embeddable":true,"href":"https:\/\/agora.esag.swiss\/de\/wp-json\/wp\/v2\/pages\/1182"}],"wp:attachment":[{"href":"https:\/\/agora.esag.swiss\/de\/wp-json\/wp\/v2\/media?parent=1383"}],"curies":[{"name":"wp","href":"https:\/\/api.w.org\/{rel}","templated":true}]}}