{"id":964,"date":"2021-08-16T16:39:34","date_gmt":"2021-08-16T14:39:34","guid":{"rendered":"https:\/\/agora.esag.swiss\/?page_id=964"},"modified":"2025-07-17T14:30:08","modified_gmt":"2025-07-17T12:30:08","slug":"le-temple-perdu","status":"publish","type":"page","link":"https:\/\/agora.esag.swiss\/de\/activites-pedagogiques\/le-temple-perdu\/","title":{"rendered":"Le temple perdu"},"content":{"rendered":"\n<h2 class=\"wp-block-heading\" id=\"presentation\">Pr\u00e9sentation<\/h2>\n\n\n\n<p>L&#8217;emplacement du sanctuaire d\u2019Art\u00e9mis \u00e0 Amarynthos a longtemps \u00e9chapp\u00e9 aux arch\u00e9ologues. Sa recherche, qui a dur\u00e9 plus d\u2019un si\u00e8cle, a \u00e9t\u00e9 remplie de rebondissements et de coups de chances. Des sp\u00e9cialistes proposent de venir dans vos classes parler de sa d\u00e9couverte! Ce sera l&#8217;occasion de voir les m\u00e9thodes mises en oeuvre pour le retrouver, mais \u00e9galement d\u00e9couvrir comment se d\u00e9roulent les fouilles, en quoi consiste le travail des arch\u00e9ologues sur le terrain et au mus\u00e9e. Gr\u00e2ce \u00e0 des copies r\u00e9alis\u00e9es \u00e0 l\u2019identique, les \u00e9l\u00e8ves pourront \u00e9galement voir et toucher quelques objets mis au jour sur le site et voir des images des d\u00e9couvertes r\u00e9centes.<\/p>\n\n\n\n<h2 class=\"wp-block-heading\" id=\"objectifs\">Objectifs<\/h2>\n\n\n\n<p>D\u00e9couvrir un grand sanctuaire antique et appr\u00e9hender le travail des arch\u00e9ologues suisses en Gr\u00e8ce.<\/p>\n\n\n\n<h2 class=\"wp-block-heading\" id=\"prerequis\">Pr\u00e9requis<\/h2>\n\n\n\n<p>Aucun. <\/p>\n\n\n\n<h2 class=\"wp-block-heading\" id=\"materiel\">Mat\u00e9riel<\/h2>\n\n\n\n<p>Un support de projection (beamer)<\/p>\n\n\n\n<h2 class=\"wp-block-heading\" id=\"idees-de-personnalisation\">Id\u00e9es de personnalisation<\/h2>\n\n\n\n<p>Sur demande, il est possible d\u2019orienter le discours sur une th\u00e9matique en particulier en fonction des envies de l\u2019enseignant\u00b7e&nbsp;: la recherche du temple, le travail des arch\u00e9ologues, le travail de terrain, les d\u00e9couvertes faites dans le sanctuaire ou encore la naissance de la ville d\u2019\u00c9r\u00e9trie.&nbsp;<\/p>\n\n\n\n<h2 class=\"wp-block-heading\" id=\"inscriptions\">Inscriptions<\/h2>\n\n\n\n<p>Directement aupr\u00e8s de nous via le <a href=\"https:\/\/agora.esag.swiss\/participez\/formulaire-de-contact\/\" data-type=\"link\" data-id=\"https:\/\/agora.esag.swiss\/participez\/formulaire-de-contact\/\">formulaire de contact<\/a>. <\/p>\n\n\n\n<p><\/p>\n","protected":false},"excerpt":{"rendered":"<p>Pr\u00e9sentation L&#8217;emplacement du sanctuaire d\u2019Art\u00e9mis \u00e0 Amarynthos a longtemps \u00e9chapp\u00e9 aux arch\u00e9ologues. Sa recherche, qui a dur\u00e9 plus d\u2019un si\u00e8cle, a \u00e9t\u00e9 remplie de rebondissements et de coups de chances. Des sp\u00e9cialistes proposent de venir dans vos classes parler de sa d\u00e9couverte! Ce sera l&#8217;occasion de voir les m\u00e9thodes mises en oeuvre pour le retrouver, [&hellip;]<\/p>\n","protected":false},"author":6,"featured_media":295,"parent":22,"menu_order":12,"comment_status":"closed","ping_status":"closed","template":"template-activity.php","meta":{"_acf_changed":false,"footnotes":""},"class_list":["post-964","page","type-page","status-publish","has-post-thumbnail","hentry"],"acf":[],"_links":{"self":[{"href":"https:\/\/agora.esag.swiss\/de\/wp-json\/wp\/v2\/pages\/964","targetHints":{"allow":["GET"]}}],"collection":[{"href":"https:\/\/agora.esag.swiss\/de\/wp-json\/wp\/v2\/pages"}],"about":[{"href":"https:\/\/agora.esag.swiss\/de\/wp-json\/wp\/v2\/types\/page"}],"author":[{"embeddable":true,"href":"https:\/\/agora.esag.swiss\/de\/wp-json\/wp\/v2\/users\/6"}],"replies":[{"embeddable":true,"href":"https:\/\/agora.esag.swiss\/de\/wp-json\/wp\/v2\/comments?post=964"}],"version-history":[{"count":15,"href":"https:\/\/agora.esag.swiss\/de\/wp-json\/wp\/v2\/pages\/964\/revisions"}],"predecessor-version":[{"id":2082,"href":"https:\/\/agora.esag.swiss\/de\/wp-json\/wp\/v2\/pages\/964\/revisions\/2082"}],"up":[{"embeddable":true,"href":"https:\/\/agora.esag.swiss\/de\/wp-json\/wp\/v2\/pages\/22"}],"wp:featuredmedia":[{"embeddable":true,"href":"https:\/\/agora.esag.swiss\/de\/wp-json\/wp\/v2\/media\/295"}],"wp:attachment":[{"href":"https:\/\/agora.esag.swiss\/de\/wp-json\/wp\/v2\/media?parent=964"}],"curies":[{"name":"wp","href":"https:\/\/api.w.org\/{rel}","templated":true}]}}