{"id":972,"date":"2021-08-16T17:04:44","date_gmt":"2021-08-16T15:04:44","guid":{"rendered":"https:\/\/agora.esag.swiss\/?page_id=972"},"modified":"2023-12-07T14:19:57","modified_gmt":"2023-12-07T13:19:57","slug":"grave-dans-le-marbre","status":"publish","type":"page","link":"https:\/\/agora.esag.swiss\/de\/activites-pedagogiques\/grave-dans-le-marbre\/","title":{"rendered":"Grav\u00e9 dans le marbre"},"content":{"rendered":"\n<h2 class=\"wp-block-heading\" id=\"presentation\">Pr\u00e9sentation<\/h2>\n\n\n\n<p>Durant les fouilles du sanctuaire d\u2019Art\u00e9mis \u00e0 Amarynthos, de nombreuses inscriptions, compl\u00e8tes ou fragmentaires, ont \u00e9t\u00e9 d\u00e9couvertes. Grav\u00e9es sur des mat\u00e9riaux imp\u00e9rissables tels que la pierre, le m\u00e9tal ou la c\u00e9ramique, elles font partie de ce qu\u2019on appelle le \u00abcorpus \u00e9pigraphique\u00bb. L\u2019atelier propose de retracer l\u2019histoire de l\u2019\u00e9criture grecque et de se pencher sur une des inscriptions mise au jour sur le site \u00e0 l\u2019aide d\u2019un estampage sur papier r\u00e9alis\u00e9 directement sur la pierre d\u2019origine.<\/p>\n\n\n\n<h2 class=\"wp-block-heading\" id=\"deroulement\">D\u00e9roulement<\/h2>\n\n\n\n<p>En guise d\u2019introduction, la premi\u00e8re partie de l\u2019atelier (~30 minutes) est consacr\u00e9e \u00e0 la naissance de l\u2019alphabet grec et au r\u00f4le jou\u00e9 par les Eub\u00e9ens dans sa diffusion. Les \u00e9l\u00e8ves sont amen\u00e9s \u00e0 r\u00e9fl\u00e9chir au type de textes retrouv\u00e9s sur les fouilles arch\u00e9ologiques et, plus particuli\u00e8rement, dans les sanctuaires.<\/p>\n\n\n\n<p>La deuxi\u00e8me partie de l\u2019atelier est consacr\u00e9e \u00e0 l&#8217;\u00e9tude d\u2019une st\u00e8le portant une br\u00e8ve d\u00e9dicace. Gr\u00e2ce \u00e0 des estampages faits directement sur la pierre, les \u00e9l\u00e8ves sont invit\u00e9s \u00e0 d\u00e9chiffrer l\u2019inscription et \u00e0 la traduire. L\u2019atelier se termine par une mise en commun du travail des \u00e9l\u00e8ves afin de discuter de la signification de l&#8217;inscription.<\/p>\n\n\n\n<h2 class=\"wp-block-heading\" id=\"objectifs\">Objectifs<\/h2>\n\n\n\n<p>Retracer les d\u00e9buts de l\u2019alphabet grec et son influence sur notre \u00e9criture actuelle. D\u00e9couvrir ce qu\u2019est l\u2019\u00e9pigraphie et son importance pour les arch\u00e9ologues. Analyser un objet arch\u00e9ologique et s\u2019initier \u00e0 la traduction.<\/p>\n\n\n\n<h2 class=\"wp-block-heading\" id=\"prerequis\">Pr\u00e9requis<\/h2>\n\n\n\n<p>Apprentissage du Grec ancien et lecture de l\u2019alphabet grec.<\/p>\n\n\n\n<h2 class=\"wp-block-heading\" id=\"materiel\">Mat\u00e9riel<\/h2>\n\n\n\n<p>Du mat\u00e9riel d\u2019\u00e9criture&nbsp;(papier, crayon, gomme) et un projecteur pour l\u2019introduction.<\/p>\n\n\n\n<h2 class=\"wp-block-heading\" id=\"idees-de-personnalisation\">Id\u00e9es de personnalisation<\/h2>\n\n\n\n<p>Il est possible de raccourcir l\u2019atelier \u00e0 45 minutes en ne faisant que la seconde partie avec la transcription de la st\u00e8le et sa traduction. Il est \u00e9galement possible de b\u00e9n\u00e9ficier uniquement du cours d\u2019introduction sur la naissance de l\u2019\u00e9criture en Gr\u00e8ce (dur\u00e9e&nbsp;: 45 minutes) ; cette partie est \u00e9galement disponible pour les non-hell\u00e9nistes.<\/p>\n\n\n\n<h2 class=\"wp-block-heading\" id=\"idees-de-personnalisation\">Inscriptions<\/h2>\n\n\n\n<p>Aupr\u00e8s du Service Culture et M\u00e9diation : atelier <a href=\"https:\/\/www.eprouvette-unil.ch\/evenement\/grave-dans-le-marbre\/\" data-type=\"URL\" data-id=\"https:\/\/www.eprouvette-unil.ch\/evenement\/grave-dans-le-marbre\/\">Grav\u00e9 dans le marbre<\/a>.<\/p>\n","protected":false},"excerpt":{"rendered":"<p>Pr\u00e9sentation Durant les fouilles du sanctuaire d\u2019Art\u00e9mis \u00e0 Amarynthos, de nombreuses inscriptions, compl\u00e8tes ou fragmentaires, ont \u00e9t\u00e9 d\u00e9couvertes. Grav\u00e9es sur des mat\u00e9riaux imp\u00e9rissables tels que la pierre, le m\u00e9tal ou la c\u00e9ramique, elles font partie de ce qu\u2019on appelle le \u00abcorpus \u00e9pigraphique\u00bb. L\u2019atelier propose de retracer l\u2019histoire de l\u2019\u00e9criture grecque et de se pencher sur [&hellip;]<\/p>\n","protected":false},"author":6,"featured_media":301,"parent":22,"menu_order":20,"comment_status":"closed","ping_status":"closed","template":"template-activity.php","meta":{"_acf_changed":false,"footnotes":""},"class_list":["post-972","page","type-page","status-publish","has-post-thumbnail","hentry"],"acf":[],"_links":{"self":[{"href":"https:\/\/agora.esag.swiss\/de\/wp-json\/wp\/v2\/pages\/972","targetHints":{"allow":["GET"]}}],"collection":[{"href":"https:\/\/agora.esag.swiss\/de\/wp-json\/wp\/v2\/pages"}],"about":[{"href":"https:\/\/agora.esag.swiss\/de\/wp-json\/wp\/v2\/types\/page"}],"author":[{"embeddable":true,"href":"https:\/\/agora.esag.swiss\/de\/wp-json\/wp\/v2\/users\/6"}],"replies":[{"embeddable":true,"href":"https:\/\/agora.esag.swiss\/de\/wp-json\/wp\/v2\/comments?post=972"}],"version-history":[{"count":19,"href":"https:\/\/agora.esag.swiss\/de\/wp-json\/wp\/v2\/pages\/972\/revisions"}],"predecessor-version":[{"id":1964,"href":"https:\/\/agora.esag.swiss\/de\/wp-json\/wp\/v2\/pages\/972\/revisions\/1964"}],"up":[{"embeddable":true,"href":"https:\/\/agora.esag.swiss\/de\/wp-json\/wp\/v2\/pages\/22"}],"wp:featuredmedia":[{"embeddable":true,"href":"https:\/\/agora.esag.swiss\/de\/wp-json\/wp\/v2\/media\/301"}],"wp:attachment":[{"href":"https:\/\/agora.esag.swiss\/de\/wp-json\/wp\/v2\/media?parent=972"}],"curies":[{"name":"wp","href":"https:\/\/api.w.org\/{rel}","templated":true}]}}