{"id":994,"date":"2021-08-17T14:54:55","date_gmt":"2021-08-17T12:54:55","guid":{"rendered":"https:\/\/agora.esag.swiss\/?page_id=994"},"modified":"2023-12-07T14:20:17","modified_gmt":"2023-12-07T13:20:17","slug":"des-statuettes-pour-artemis","status":"publish","type":"page","link":"https:\/\/agora.esag.swiss\/de\/activites-pedagogiques\/des-statuettes-pour-artemis\/","title":{"rendered":"Des statuettes pour Art\u00e9mis"},"content":{"rendered":"\n<h2 class=\"wp-block-heading\" id=\"presentation\">Pr\u00e9sentation<\/h2>\n\n\n\n<p>Les figurines en terre cuite sont retrouv\u00e9es en grande quantit\u00e9 dans les sanctuaires antiques. Ces petites statuettes t\u00e9moignent de l\u2019\u00e9volution des go\u00fbts et des modes qui ont travers\u00e9 les \u00e9poques antiques. Objets d\u2019offrande privil\u00e9gi\u00e9s, elles laissent \u00e9galement entrapercevoir qui \u00e9taient les d\u00e9dicants, les probl\u00e8mes auxquels ils \u00e9taient confront\u00e9s, leurs peurs, leurs rites ou encore leur identit\u00e9. \u00c0 travers l\u2019analyse de ces figurines, l\u2019atelier propose d&#8217;aborder de nombreuses questions allant de l\u2019artisanat aux gestes religieux. <\/p>\n\n\n\n<p>Toutes les figurines utilis\u00e9es durant l&#8217;atelier sont des copies faites \u00e0 partir d&#8217;originaux, afin que les participant\u00b7es puissent manipuler des objets authentiques. <\/p>\n\n\n\n<h2 class=\"wp-block-heading\" id=\"deroulement\">D\u00e9roulement<\/h2>\n\n\n\n<p>R\u00e9partis en petits groupes, les participant\u00b7es re\u00e7oivent la copie d\u2019une figurine antique, qu\u2019ils\/elles doivent analyser \u00e0 la mani\u00e8re des arch\u00e9ologues. Le dessin leur permet de les observer attentivement et de d\u00e9nicher quelques indices que leur fa\u00e7onnage nous donne sur cet artisanat. Un dossier de sources leur fournit ensuite les \u00e9l\u00e9ments n\u00e9cessaires pour les dater et les replacer dans une frise chronologique. L\u2019atelier se termine sur une mise en commun des diff\u00e9rents objets et une r\u00e9flexion plus large sur les offrandes dans l\u2019Antiquit\u00e9 grecque. Pourquoi ces objets ont-ils \u00e9t\u00e9 retrouv\u00e9s dans un sanctuaire d\u2019Art\u00e9mis&nbsp;et que nous indiquent-ils sur les personnes qui fr\u00e9quentaient le sanctuaire?<\/p>\n\n\n\n<h2 class=\"wp-block-heading\" id=\"objectifs\">Objectifs<\/h2>\n\n\n\n<p>Initier les participant\u00b7es \u00e0 l&#8217;\u00e9tude des figurines en terre cuite (la \u00abcoroplathie\u00bb). <br>Aiguiser le sens de l\u2019observation et habituer les participant\u00b7es \u00e0 la m\u00e9thode scientifique. <br>Aborder la question de la religion antique et des gestes religieux.<\/p>\n\n\n\n<h2 class=\"wp-block-heading\" id=\"prerequis\">Pr\u00e9requis<\/h2>\n\n\n\n<p>Aucun.  Si vous le souhaitez,  vous pouvez visionner le film \u00ab<a href=\"https:\/\/agora.esag.swiss\/planete-archeo\/amarynthos\/\" target=\"_blank\" rel=\"noreferrer noopener\">\u00c0 la recherche du temple perdu<\/a>\u00bb ainsi que les <a data-type=\"URL\" data-id=\"https:\/\/agora.esag.swiss\/planete-archeo\/\" href=\"https:\/\/agora.esag.swiss\/planete-archeo\/\">vid\u00e9os<\/a> introduisant le site d\u2019Amarynthos avant la tenue de l&#8217;atelier.  <\/p>\n\n\n\n<h2 class=\"wp-block-heading\" id=\"materiel\">Mat\u00e9riel<\/h2>\n\n\n\n<p>Tous les supports et le mat\u00e9riel n\u00e9cessaires \u00e0 l\u2019activit\u00e9 sont fournis sur place.<\/p>\n\n\n\n<h2 class=\"wp-block-heading\" id=\"idees-de-personnalisation\">Id\u00e9es de personnalisation<\/h2>\n\n\n\n<p>Cet atelier approfondi un aspect de l&#8217;atelier \u00ab<a rel=\"noreferrer noopener\" href=\"https:\/\/agora.esag.swiss\/activites-pedagogiques\/ramassez-les-pots-casses\/\" target=\"_blank\">Ramasser les pots cass\u00e9s<\/a>\u00bb. Il est possible d&#8217;approfondir les autres mat\u00e9riaux avec les ateliers :  \u00ab<a rel=\"noreferrer noopener\" href=\"https:\/\/agora.esag.swiss\/activites-pedagogiques\/monnaie-courante\/\" target=\"_blank\">Monnaie courante<\/a>\u00bb et \u00ab<a rel=\"noreferrer noopener\" href=\"https:\/\/agora.esag.swiss\/activites-pedagogiques\/un-sacre-festin\/\" target=\"_blank\">Un sacr\u00e9 festin!<\/a>\u00bb.<\/p>\n\n\n\n<h2 class=\"wp-block-heading\" id=\"idees-de-personnalisation\">Inscriptions<\/h2>\n\n\n\n<p>Cet atelier est propos\u00e9 lors des <a href=\"https:\/\/www.explore-unil.ch\/wp-content\/uploads\/2022\/02\/a5-familles-2022-final-light.pdf\" data-type=\"URL\" data-id=\"https:\/\/www.explore-unil.ch\/wp-content\/uploads\/2022\/02\/a5-familles-2022-final-light.pdf\">ateliers \u00abEnfants et Famille\u00bb<\/a> organis\u00e9s par le <a href=\"https:\/\/www.unil.ch\/scms\/home\/menuinst\/mediation-scientifique.html\" data-type=\"URL\" data-id=\"https:\/\/www.unil.ch\/scms\/home\/menuinst\/mediation-scientifique.html\">Service culture et M\u00e9diation<\/a>. Pour r\u00e9aliser une animation en classe ou \u00e0 l&#8217;\u00c9prouvette, vous pouvez contacter le <a rel=\"noreferrer noopener\" href=\"https:\/\/www.eprouvette-unil.ch\/contacts\/\" target=\"_blank\">Service culture et m\u00e9diation<\/a>.  <\/p>\n","protected":false},"excerpt":{"rendered":"<p>Pr\u00e9sentation Les figurines en terre cuite sont retrouv\u00e9es en grande quantit\u00e9 dans les sanctuaires antiques. Ces petites statuettes t\u00e9moignent de l\u2019\u00e9volution des go\u00fbts et des modes qui ont travers\u00e9 les \u00e9poques antiques. Objets d\u2019offrande privil\u00e9gi\u00e9s, elles laissent \u00e9galement entrapercevoir qui \u00e9taient les d\u00e9dicants, les probl\u00e8mes auxquels ils \u00e9taient confront\u00e9s, leurs peurs, leurs rites ou encore [&hellip;]<\/p>\n","protected":false},"author":6,"featured_media":300,"parent":22,"menu_order":22,"comment_status":"closed","ping_status":"closed","template":"template-activity.php","meta":{"_acf_changed":false,"footnotes":""},"class_list":["post-994","page","type-page","status-publish","has-post-thumbnail","hentry"],"acf":[],"_links":{"self":[{"href":"https:\/\/agora.esag.swiss\/de\/wp-json\/wp\/v2\/pages\/994","targetHints":{"allow":["GET"]}}],"collection":[{"href":"https:\/\/agora.esag.swiss\/de\/wp-json\/wp\/v2\/pages"}],"about":[{"href":"https:\/\/agora.esag.swiss\/de\/wp-json\/wp\/v2\/types\/page"}],"author":[{"embeddable":true,"href":"https:\/\/agora.esag.swiss\/de\/wp-json\/wp\/v2\/users\/6"}],"replies":[{"embeddable":true,"href":"https:\/\/agora.esag.swiss\/de\/wp-json\/wp\/v2\/comments?post=994"}],"version-history":[{"count":24,"href":"https:\/\/agora.esag.swiss\/de\/wp-json\/wp\/v2\/pages\/994\/revisions"}],"predecessor-version":[{"id":1965,"href":"https:\/\/agora.esag.swiss\/de\/wp-json\/wp\/v2\/pages\/994\/revisions\/1965"}],"up":[{"embeddable":true,"href":"https:\/\/agora.esag.swiss\/de\/wp-json\/wp\/v2\/pages\/22"}],"wp:featuredmedia":[{"embeddable":true,"href":"https:\/\/agora.esag.swiss\/de\/wp-json\/wp\/v2\/media\/300"}],"wp:attachment":[{"href":"https:\/\/agora.esag.swiss\/de\/wp-json\/wp\/v2\/media?parent=994"}],"curies":[{"name":"wp","href":"https:\/\/api.w.org\/{rel}","templated":true}]}}