{"id":2061,"date":"2025-04-23T10:01:54","date_gmt":"2025-04-23T08:01:54","guid":{"rendered":"https:\/\/agora.esag.swiss\/?page_id=2061"},"modified":"2025-07-17T14:24:32","modified_gmt":"2025-07-17T12:24:32","slug":"la-faveur-des-dieux","status":"publish","type":"page","link":"https:\/\/agora.esag.swiss\/el\/activites-pedagogiques\/la-faveur-des-dieux\/","title":{"rendered":"La faveur des dieux"},"content":{"rendered":"\n<h2 class=\"wp-block-heading\"><strong>Pr\u00e9sentation de l&#8217;activit\u00e9<\/strong><\/h2>\n\n\n\n<p>Le panth\u00e9on grec suscite encore aujourd\u2019hui une grande fascination. Zeus, Ath\u00e9na, Apollon ou Art\u00e9mis sont g\u00e9n\u00e9ralement des noms bien connus\u2026 Mais qu\u2019en est-il de Pan ou des Nymphes? Connait-on vraiment les champs d\u2019action de toutes ces divinit\u00e9s? O\u00f9 se trouvent leurs sanctuaires? Quels rites y sont pratiqu\u00e9s?<\/p>\n\n\n\n<p>Le temps d\u2019une partie de jeu, incarnez une famille grecque vivant sur l&#8217;\u00eele d&#8217;Eub\u00e9e. Montrez votre d\u00e9votion envers les dieux et gagnez de l\u2019influence pour embellir votre cit\u00e9 et remporter la partie!<\/p>\n\n\n\n<h2 class=\"wp-block-heading\"><strong>D\u00e9roulement<\/strong><\/h2>\n\n\n\n<p>La classe est divis\u00e9e en \u00e9quipes de 2 \u00e0 5 joueur\u00b7euses (5 \u00e9quipes maximum) repr\u00e9sentant chacune une grande famille \u00e9r\u00e9trienne. Toutes ont le m\u00eame objectif: augmenter leur influence dans la cit\u00e9. Et pour cela, elles devront remporter un maximum de points de faveur.<\/p>\n\n\n\n<p>Le jeu se joue en 4 manches cons\u00e9cutives. La premi\u00e8re consiste \u00e0 identifier correctement les divinit\u00e9s. Ces derni\u00e8res doivent ensuite \u00eatre replac\u00e9es dans leurs sanctuaires respectifs, diss\u00e9min\u00e9s dans le territoire d&#8217;\u00c9r\u00e9trie. Puis les p\u00e8lerins doivent \u00eatre aiguill\u00e9s vers les bonnes divinit\u00e9s en fonction de leurs pr\u00e9occupations. Et finalement, les offrandes faites aux dieux doivent \u00eatre judicieusement localis\u00e9es dans le sanctuaire d&#8217;Art\u00e9mis Amarysia. Une partie th\u00e9orique introduit chaque manche afin que les \u00e9quipes aient toutes les cl\u00e9s en main pour pouvoir remporter un maximum de points. Et \u00e0 la fin de chaque manche, tous les points gagn\u00e9s doivent \u00eatre investis dans la cit\u00e9 pour l\u2019embellir!<\/p>\n\n\n\n<p>Les divinit\u00e9s abord\u00e9es sont les suivantes: Apollon, Art\u00e9mis, Ath\u00e9na, D\u00e9m\u00e9ter, Dionysos, Herm\u00e8s, Les Nymphes, Pan, Zeus. Le jeu peut \u00eatre adapt\u00e9 pour les plus jeunes (8 ans): il se joue alors en seulement 3 manches et le langage est adapt\u00e9 aux plus petits.<\/p>\n\n\n\n<h2 class=\"wp-block-heading\"><strong>Objectifs<\/strong><\/h2>\n\n\n\n<p>Consolider les connaissances sur les divinit\u00e9s grecques et en d\u00e9couvrir de nouvelles. Mieux appr\u00e9hender le fonctionnement de la religion grecque et le rapport que les Grecs de l&#8217;Antiquit\u00e9 entretenaient avec les divinit\u00e9s. D\u00e9couvrir un sanctuaire antique \u00e0 travers l&#8217;exemple de l&#8217;Art\u00e9mision d&#8217;Amarynthos. Aiguiser son sens de l&#8217;observation et de la d\u00e9duction.<\/p>\n\n\n\n<h2 class=\"wp-block-heading\"><strong>Pr\u00e9requis<\/strong><\/h2>\n\n\n\n<p>Connaissance de base de l\u2019Antiquit\u00e9 grecque souhait\u00e9e. <\/p>\n\n\n\n<p>Si vous souhaitez introduire le sujet des divinit\u00e9s en classe, vous pouvez vous servir de la page <a href=\"https:\/\/agora.esag.swiss\/sanctuaire-dartemis\/les-dieux-des-grecs\/\" target=\"_blank\" rel=\"noreferrer noopener\">les dieux des Grecs<\/a> ainsi que le <a href=\"https:\/\/agora.esag.swiss\/sanctuaire-dartemis\/quiz-les-dieux-grecs\/\" target=\"_blank\" rel=\"noreferrer noopener\">quiz associ\u00e9<\/a> qui permet de tester les connaissances des \u00e9l\u00e8ves. Vous pouvez \u00e9galement visionner au pr\u00e9alable avec les \u00e9l\u00e8ves le film petit film \u00ab<a href=\"https:\/\/agora.esag.swiss\/planete-archeo\/amarynthos\/\" target=\"_blank\" rel=\"noreferrer noopener\">\u00c0 la recherche du temple perdu<\/a>\u00bb pr\u00e9sentant le site d&#8217;Amarynthos. <\/p>\n\n\n\n<h2 class=\"wp-block-heading\"><strong>Mat\u00e9riel<\/strong><\/h2>\n\n\n\n<p>N\u00e9cessite une salle avec un syst\u00e8me de projection.<\/p>\n\n\n\n<h2 class=\"wp-block-heading\"><strong>Inscriptions<\/strong><\/h2>\n\n\n\n<p>Aupr\u00e8s du Service Culture et M\u00e9diation : atelier <a href=\"https:\/\/www.eprouvette-unil.ch\/evenement\/la-faveur-des-dieux\/\" data-type=\"link\" data-id=\"https:\/\/www.eprouvette-unil.ch\/evenement\/la-faveur-des-dieux\/\">La faveur des Dieux<\/a>.<\/p>\n\n\n\n<p><\/p>\n","protected":false},"excerpt":{"rendered":"<p>Pr\u00e9sentation de l&#8217;activit\u00e9 Le panth\u00e9on grec suscite encore aujourd\u2019hui une grande fascination. Zeus, Ath\u00e9na, Apollon ou Art\u00e9mis sont g\u00e9n\u00e9ralement des noms bien connus\u2026 Mais qu\u2019en est-il de Pan ou des Nymphes? Connait-on vraiment les champs d\u2019action de toutes ces divinit\u00e9s? O\u00f9 se trouvent leurs sanctuaires? Quels rites y sont pratiqu\u00e9s? Le temps d\u2019une partie de [&hellip;]<\/p>\n","protected":false},"author":5,"featured_media":2065,"parent":22,"menu_order":11,"comment_status":"closed","ping_status":"closed","template":"template-activity.php","meta":{"_acf_changed":false,"footnotes":""},"class_list":["post-2061","page","type-page","status-publish","has-post-thumbnail","hentry"],"acf":[],"_links":{"self":[{"href":"https:\/\/agora.esag.swiss\/el\/wp-json\/wp\/v2\/pages\/2061","targetHints":{"allow":["GET"]}}],"collection":[{"href":"https:\/\/agora.esag.swiss\/el\/wp-json\/wp\/v2\/pages"}],"about":[{"href":"https:\/\/agora.esag.swiss\/el\/wp-json\/wp\/v2\/types\/page"}],"author":[{"embeddable":true,"href":"https:\/\/agora.esag.swiss\/el\/wp-json\/wp\/v2\/users\/5"}],"replies":[{"embeddable":true,"href":"https:\/\/agora.esag.swiss\/el\/wp-json\/wp\/v2\/comments?post=2061"}],"version-history":[{"count":12,"href":"https:\/\/agora.esag.swiss\/el\/wp-json\/wp\/v2\/pages\/2061\/revisions"}],"predecessor-version":[{"id":2080,"href":"https:\/\/agora.esag.swiss\/el\/wp-json\/wp\/v2\/pages\/2061\/revisions\/2080"}],"up":[{"embeddable":true,"href":"https:\/\/agora.esag.swiss\/el\/wp-json\/wp\/v2\/pages\/22"}],"wp:featuredmedia":[{"embeddable":true,"href":"https:\/\/agora.esag.swiss\/el\/wp-json\/wp\/v2\/media\/2065"}],"wp:attachment":[{"href":"https:\/\/agora.esag.swiss\/el\/wp-json\/wp\/v2\/media?parent=2061"}],"curies":[{"name":"wp","href":"https:\/\/api.w.org\/{rel}","templated":true}]}}