{"id":54,"date":"2020-06-16T16:22:58","date_gmt":"2020-06-16T14:22:58","guid":{"rendered":"http:\/\/localhost:8888\/amarynthos\/?page_id=54"},"modified":"2022-03-27T19:32:00","modified_gmt":"2022-03-27T17:32:00","slug":"grand-public","status":"publish","type":"page","link":"https:\/\/agora.esag.swiss\/el\/grand-public\/","title":{"rendered":"Agenda"},"content":{"rendered":"\n<p>Retrouvez ici toutes les activit\u00e9s propos\u00e9es au grand public afin d&#8217;explorer l&#8217;actualit\u00e9 du site d&#8217;Amarynthos.<\/p>\n","protected":false},"excerpt":{"rendered":"<p>Retrouvez ici toutes les activit\u00e9s propos\u00e9es au grand public afin d&#8217;explorer l&#8217;actualit\u00e9 du site d&#8217;Amarynthos.<\/p>\n","protected":false},"author":1,"featured_media":0,"parent":0,"menu_order":77,"comment_status":"closed","ping_status":"closed","template":"template-agenda.php","meta":{"_acf_changed":false,"footnotes":""},"class_list":["post-54","page","type-page","status-publish","hentry"],"acf":[],"_links":{"self":[{"href":"https:\/\/agora.esag.swiss\/el\/wp-json\/wp\/v2\/pages\/54","targetHints":{"allow":["GET"]}}],"collection":[{"href":"https:\/\/agora.esag.swiss\/el\/wp-json\/wp\/v2\/pages"}],"about":[{"href":"https:\/\/agora.esag.swiss\/el\/wp-json\/wp\/v2\/types\/page"}],"author":[{"embeddable":true,"href":"https:\/\/agora.esag.swiss\/el\/wp-json\/wp\/v2\/users\/1"}],"replies":[{"embeddable":true,"href":"https:\/\/agora.esag.swiss\/el\/wp-json\/wp\/v2\/comments?post=54"}],"version-history":[{"count":9,"href":"https:\/\/agora.esag.swiss\/el\/wp-json\/wp\/v2\/pages\/54\/revisions"}],"predecessor-version":[{"id":1242,"href":"https:\/\/agora.esag.swiss\/el\/wp-json\/wp\/v2\/pages\/54\/revisions\/1242"}],"wp:attachment":[{"href":"https:\/\/agora.esag.swiss\/el\/wp-json\/wp\/v2\/media?parent=54"}],"curies":[{"name":"wp","href":"https:\/\/api.w.org\/{rel}","templated":true}]}}